{"id":99,"date":"2012-08-03T11:44:02","date_gmt":"2012-08-03T11:44:02","guid":{"rendered":"http:\/\/www.casariche.es\/?page_id=99"},"modified":"2025-01-11T14:30:29","modified_gmt":"2025-01-11T13:30:29","slug":"delegaciones-municipales","status":"publish","type":"page","link":"https:\/\/www.casariche.es\/?page_id=99","title":{"rendered":"Delegaciones Municipales"},"content":{"rendered":"<p>Alcalde: <strong>D. JOS\u00c9 RAM\u00d3N PARRADO BORREGO<\/strong><br \/>\nPrimer Teniente de Alcalde: <strong>D\u00aa. FRANCISCA MAR\u00cdN MU\u00d1OZ<\/strong><br \/>\nSegundo Teniente de Alcalde: <strong>D. JUAN JOS\u00c9 POZO ESCALERA<\/strong><br \/>\nTercer Teniente de Alcalde: <strong>D. ANTONIO JOS\u00c9 HORTIGOSA MORIANA<\/strong><br \/>\nCuarto Teniente de Alcalde: <strong>D\u00aa. BLANCA DEL ROC\u00cdO MORIANA LOZANO<\/strong><\/p>\n<p><strong>CONCEJAL\u00cdAS<\/strong><\/p>\n<ul>\n<li>Primer Teniente de Alcalde: <strong>Econom\u00eda y Hacienda; Pol\u00edticas Sociales; Formaci\u00f3n y Empleo<\/strong>.<\/li>\n<li>Segundo Teniente de Alcalde: <strong>Educaci\u00f3n; Medioambiente y Cultura<\/strong>.<\/li>\n<li>Tercer Teniente de Alcalde: <strong>Servicios Municipales; Personal y Deportes<\/strong>.<\/li>\n<li>Cuarto Teniente de Alcalde: <strong>Administraci\u00f3n electr\u00f3nica y comunicaci\u00f3n. Fiestas y Tradiciones. Atenci\u00f3n al Ciudadano y Juventud<\/strong>.<\/li>\n<li>Concejal D. Antonio Jes\u00fas Carrasco Jurado: <strong>Urbanismo; Desarrollo Local y Emprendimiento<\/strong>.<\/li>\n<li>Concejal D. Jacob Linares M\u00e1rquez: <strong>Tr\u00e1fico y Seguridad Ciudadana<\/strong>.<\/li>\n<li>Concejal D. V\u00edctor Manuel Parrado D\u00edaz: <strong>Sanidad<\/strong>.<\/li>\n<li>Concejala Da. Sandra G\u00f3mez Parrado: <strong>Igualdad, Diversidad y Mujer<\/strong>.<\/li>\n<li>Concejala Da. Roc\u00edo Lozano Sojo: <strong>Turismo<\/strong>.<\/li>\n<\/ul>\n","protected":false},"excerpt":{"rendered":"<p>Alcalde: D. JOS\u00c9 RAM\u00d3N PARRADO BORREGO Primer Teniente de Alcalde: D\u00aa. FRANCISCA MAR\u00cdN MU\u00d1OZ Segundo Teniente de Alcalde: D. JUAN JOS\u00c9 POZO ESCALERA Tercer Teniente<\/p>\n","protected":false},"author":1,"featured_media":0,"parent":7,"menu_order":0,"comment_status":"closed","ping_status":"closed","template":"","meta":{"footnotes":""},"class_list":["post-99","page","type-page","status-publish","hentry"],"_links":{"self":[{"href":"https:\/\/www.casariche.es\/index.php?rest_route=\/wp\/v2\/pages\/99","targetHints":{"allow":["GET"]}}],"collection":[{"href":"https:\/\/www.casariche.es\/index.php?rest_route=\/wp\/v2\/pages"}],"about":[{"href":"https:\/\/www.casariche.es\/index.php?rest_route=\/wp\/v2\/types\/page"}],"author":[{"embeddable":true,"href":"https:\/\/www.casariche.es\/index.php?rest_route=\/wp\/v2\/users\/1"}],"replies":[{"embeddable":true,"href":"https:\/\/www.casariche.es\/index.php?rest_route=%2Fwp%2Fv2%2Fcomments&post=99"}],"version-history":[{"count":29,"href":"https:\/\/www.casariche.es\/index.php?rest_route=\/wp\/v2\/pages\/99\/revisions"}],"predecessor-version":[{"id":70038,"href":"https:\/\/www.casariche.es\/index.php?rest_route=\/wp\/v2\/pages\/99\/revisions\/70038"}],"up":[{"embeddable":true,"href":"https:\/\/www.casariche.es\/index.php?rest_route=\/wp\/v2\/pages\/7"}],"wp:attachment":[{"href":"https:\/\/www.casariche.es\/index.php?rest_route=%2Fwp%2Fv2%2Fmedia&parent=99"}],"curies":[{"name":"wp","href":"https:\/\/api.w.org\/{rel}","templated":true}]}}