{"id":68505,"date":"2024-11-15T11:22:23","date_gmt":"2024-11-15T10:22:23","guid":{"rendered":"https:\/\/www.casariche.es\/?page_id=68505"},"modified":"2025-07-03T13:22:50","modified_gmt":"2025-07-03T11:22:50","slug":"calle-medico-gomez-de-las-cuevas","status":"publish","type":"page","link":"https:\/\/www.casariche.es\/?page_id=68505","title":{"rendered":"Calle del Tel\u00e9fono"},"content":{"rendered":"<div>\n<p>La Calle del Tel\u00e9fono se conoce as\u00ed por haberse instalado en esta calle, y concretamente en lo que es hoy \u00abCarnicer\u00eda Carrasco\u00bb, la central telef\u00f3nica del pueblo a principios del siglo XIX. Aqu\u00ed ten\u00edan que ir todos los vecinos del pueblo cuando ten\u00edan que hacer alguna llamada. Desde entonces, se llam\u00f3 popularmente \u00abCalle del Tel\u00e9fono\u00bb.<\/p>\n<p>Asimismo, su nombre actual es Calle Antonio G\u00f3mez de las Cuevas que recuerda a este ilustre m\u00e9dico que adquiri\u00f3 m\u00e9ritos suficientes para que su memoria perdure no solo entre los casariche\u00f1os sino entre los habitantes de otros pueblos a los que llev\u00f3 el alivio de su ciencia y el consuelo de su bondad.<\/p>\n<div>\n<p>Naci\u00f3 en Jauja en 1849, pedan\u00eda de Lucena (C\u00f3rdoba), hijo del matrimonio formado por D. Juan G\u00f3mez y D\u00aa Isabel de las Cuevas, de condici\u00f3n econ\u00f3mica bastante acomodada. Estudi\u00f3 Medicina en la facultad correspondiente de la Universidad de Madrid, donde se licenci\u00f3 y doctor\u00f3, especializ\u00e1ndose en Oftalmolog\u00eda y en Cirug\u00eda. Ejerci\u00f3 en Alameda (M\u00e1laga), que hasta 1833 perteneci\u00f3 a Sevilla. De all\u00ed vino a Casariche. Estando aqu\u00ed fue nombrado Presidente de la Asociaci\u00f3n Sanitaria del Distrito de Estepa, que lo fue hasta su fallecimiento. Se cas\u00f3 en Badolatosa con Da Matilde Mu\u00f1oz del Pozo y Conde, natural de esa localidad. Del matrimonio nacieron 14 hijos, de los cuales fallecieron 3. Los 11 que sobrevivieron son: Antonio (m\u00e9dico, muri\u00f3 joven), Matilde, Manuel, Dolores, Salom\u00f3n, Ana, Juan, Isabel, Jos\u00e9 M\u00aa, Rafael y FRANCISCO, (mi MAESTRO, D-. Francisco G\u00f3mez a quien debo, junto a mis padres, haber salido del trabajo del campo y ser Maestro. Estas notas van en su memoria y esperan que los poderes locales la inmortalicen dedic\u00e1ndole una calle, un monumento o alg\u00fan centro. Es de Justicia).<\/p>\n<\/div>\n<\/div>\n<div>\n<p>Su fama le viene de una calidad profesional sin precedentes, que atra\u00eda enfermos de toda la comarca y hasta de Sevilla, y de su generosidad sin l\u00edmites, pues con su borriquito acud\u00eda al campo a visitar a todo enfermo que no pudiera desplazarse. A estos no solo no les cobraba, sino que les facilitaba gratuitamente las medicinas que necesitaran. Cur\u00f3 a numerosos mineros heridos de la Mina Melita de Corcoya y cuando en 1902 un grave accidente en la misma acab\u00f3 con la vida de varios. El Dr. G\u00f3mez de las Cuevas fue el encargado de practicarles la necropsia (Sobre este tema insistiremos en breve).<\/p>\n<div>\n<p>Cuando cumpli\u00f3 sus Bodas de Oro con la Mediciona se le homenaje\u00f3 a nivel provincial y se le dedic\u00f3 la Calle Granada, de Casariche, con le nombre de Calle Antonio G\u00f3mez de las Cuevas, que es donde vivi\u00f3 (sigue teniendo el n\u00famero 24 y despu\u00e9s se cambi\u00f3 por M\u00e9dico G\u00f3mez de las Cuevas). La de abajo, es decir la Tienda de Carrasco, era tambi\u00e9n suya y la dedic\u00f3 a cuadras y almac\u00e9n de aperos, porque se dedicaba tambi\u00e9n a la Agricultura, siendo propietario, entre otras fincas, de un cortijo, el \u00abCortijo El Meico\u00bb, suerte Los veinticinco o Hacienda Rosendo allende El Cortijo Abajo, donde apareci\u00f3 en 1919 el primer mosaico romano de nuestra localidad. Su estudio pormenorizado puede verse en \u00abEl mosaico romano de Casariche (Sevilla) de Rita Mondelo Pardo y Mercedes Torres Carro. Cerca hab\u00eda una mina de hierro.<\/p>\n<div>\n<p>Antes de terminar, recordar que un hermano de D. Antonio llamado Esteban viv\u00eda aqu\u00ed. Era farmac\u00e9utico y el 21 de abril de 1885, a los 23 a\u00f1os de edad, se cas\u00f3 con Mari-Paz Nieto Torres, de 17. Finalmente, decir que D. Antonio falleci\u00f3 a las 16 horas del 19 de abril de 1927, a consecuencia de congesti\u00f3n cerebral seg\u00fan certificaci\u00f3n del Dr. D. Mateo Gonz\u00e1lez de la Bandera y testificaci\u00f3n de D. Jos\u00e9 M\u00aa Bernet Osuna alcalde del pueblo que mand\u00f3 construir el actual ayuntamiento y comprar el reloj que tiene.<\/p>\n<\/div>\n<\/div>\n<\/div>\n<p style=\"text-align: right;\"><strong>Jos\u00e9 HERRERA RODAS.<\/strong><\/p>\n<p style=\"text-align: right;\">Casariche, noviembre de 2024.<\/p>\n","protected":false},"excerpt":{"rendered":"<p>La Calle del Tel\u00e9fono se conoce as\u00ed por haberse instalado en esta calle, y concretamente en lo que es hoy \u00abCarnicer\u00eda Carrasco\u00bb, la central telef\u00f3nica<\/p>\n","protected":false},"author":1,"featured_media":0,"parent":0,"menu_order":0,"comment_status":"closed","ping_status":"closed","template":"","meta":{"footnotes":""},"class_list":["post-68505","page","type-page","status-publish","hentry"],"_links":{"self":[{"href":"https:\/\/www.casariche.es\/index.php?rest_route=\/wp\/v2\/pages\/68505","targetHints":{"allow":["GET"]}}],"collection":[{"href":"https:\/\/www.casariche.es\/index.php?rest_route=\/wp\/v2\/pages"}],"about":[{"href":"https:\/\/www.casariche.es\/index.php?rest_route=\/wp\/v2\/types\/page"}],"author":[{"embeddable":true,"href":"https:\/\/www.casariche.es\/index.php?rest_route=\/wp\/v2\/users\/1"}],"replies":[{"embeddable":true,"href":"https:\/\/www.casariche.es\/index.php?rest_route=%2Fwp%2Fv2%2Fcomments&post=68505"}],"version-history":[{"count":3,"href":"https:\/\/www.casariche.es\/index.php?rest_route=\/wp\/v2\/pages\/68505\/revisions"}],"predecessor-version":[{"id":75290,"href":"https:\/\/www.casariche.es\/index.php?rest_route=\/wp\/v2\/pages\/68505\/revisions\/75290"}],"wp:attachment":[{"href":"https:\/\/www.casariche.es\/index.php?rest_route=%2Fwp%2Fv2%2Fmedia&parent=68505"}],"curies":[{"name":"wp","href":"https:\/\/api.w.org\/{rel}","templated":true}]}}