{"id":58,"date":"2012-08-03T11:30:47","date_gmt":"2012-08-03T11:30:47","guid":{"rendered":"http:\/\/www.casariche.es\/?page_id=58"},"modified":"2021-11-02T15:06:43","modified_gmt":"2021-11-02T13:06:43","slug":"listin-telefonico","status":"publish","type":"page","link":"https:\/\/www.casariche.es\/?page_id=58","title":{"rendered":"List\u00edn Telef\u00f3nico"},"content":{"rendered":"<p><strong>Ayuntamiento<\/strong><\/p>\n<p style=\"padding-left: 30px;\"><em>M\u00f3vil: 667.542.869<\/em><\/p>\n<p style=\"padding-left: 30px;\"><em>Tfno. fijo: 954.019.911<\/em><\/p>\n<p style=\"padding-left: 30px;\"><em>Fax: 954.011.152<\/em><\/p>\n<p><strong>Biblioteca \u00abMarcos Ana\u00bb<br \/>\n<\/strong><\/p>\n<p style=\"padding-left: 30px;\"><em>M\u00f3vil: 667.543.211<\/em><\/p>\n<p><strong>Casa de la Juventud<\/strong><\/p>\n<p style=\"padding-left: 30px;\"><em>M\u00f3vil: 667.543.228<\/em><\/p>\n<p><strong>Centro Guadalinfo<\/strong><\/p>\n<p style=\"padding-left: 30px;\"><em>M\u00f3vil: 667.542.927<\/em><\/p>\n<p><strong>Guarder\u00eda Municipal<br \/>\n<\/strong><\/p>\n<p style=\"padding-left: 30px;\"><em>M\u00f3vil: 667.542.983<\/em><\/p>\n<p style=\"padding-left: 30px;\"><em>Tfno. fijo: 954.011.801<\/em><\/p>\n<p><strong>Juzgado de Paz<\/strong><\/p>\n<p style=\"padding-left: 30px;\"><em>M\u00f3vil: 667.543.326<\/em><\/p>\n<p><strong>Centro de Igualdad \u00abEncarnaci\u00f3n Parrado\u00bb<br \/>\n<\/strong><\/p>\n<p style=\"padding-left: 30px;\"><em>M\u00f3vil: 667.542.896<\/em><\/p>\n<p><strong>Polic\u00eda Local<\/strong><\/p>\n<p style=\"padding-left: 30px;\"><em>M\u00f3vil: 655.846.360<\/em><\/p>\n<p><strong>Protecci\u00f3n Civil<br \/>\n<\/strong><\/p>\n<p style=\"padding-left: 30px;\"><em>M\u00f3vil: 670.004.964<\/em><\/p>\n<p><strong>C.E.I.P. Lope de Vega<br \/>\n<\/strong><\/p>\n<p style=\"padding-left: 30px;\"><em>Tfno. fijo: 954.822.904<\/em><\/p>\n<p style=\"padding-left: 30px;\"><em>Fax: 954.822.905<br \/>\n<\/em><\/p>\n<p><strong>I.E.S. Atalya<br \/>\n<\/strong><\/p>\n<p style=\"padding-left: 30px;\"><em>Tfno. fijo: 954.822.970<\/em><\/p>\n<p style=\"padding-left: 30px;\"><em>Fax: 954.822.971<\/em><\/p>\n<p style=\"text-align: left;\"><strong>Centro de Participaci\u00f3n Activa de Mayores \u00abHogar del Pensionista\u00bb<\/strong><\/p>\n<p style=\"text-align: left; padding-left: 30px;\"><em>Tfno. fijo: 955.268.077<\/em><\/p>\n<p><strong>Polideportivo<\/strong><\/p>\n<p style=\"padding-left: 30px;\"><em>M\u00f3vil: 600.580.876<\/em><\/p>\n","protected":false},"excerpt":{"rendered":"<p>Ayuntamiento M\u00f3vil: 667.542.869 Tfno. fijo: 954.019.911 Fax: 954.011.152 Biblioteca \u00abMarcos Ana\u00bb M\u00f3vil: 667.543.211 Casa de la Juventud M\u00f3vil: 667.543.228 Centro Guadalinfo M\u00f3vil: 667.542.927 Guarder\u00eda Municipal<\/p>\n","protected":false},"author":1,"featured_media":0,"parent":0,"menu_order":0,"comment_status":"closed","ping_status":"closed","template":"","meta":{"footnotes":""},"class_list":["post-58","page","type-page","status-publish","hentry"],"_links":{"self":[{"href":"https:\/\/www.casariche.es\/index.php?rest_route=\/wp\/v2\/pages\/58","targetHints":{"allow":["GET"]}}],"collection":[{"href":"https:\/\/www.casariche.es\/index.php?rest_route=\/wp\/v2\/pages"}],"about":[{"href":"https:\/\/www.casariche.es\/index.php?rest_route=\/wp\/v2\/types\/page"}],"author":[{"embeddable":true,"href":"https:\/\/www.casariche.es\/index.php?rest_route=\/wp\/v2\/users\/1"}],"replies":[{"embeddable":true,"href":"https:\/\/www.casariche.es\/index.php?rest_route=%2Fwp%2Fv2%2Fcomments&post=58"}],"version-history":[{"count":11,"href":"https:\/\/www.casariche.es\/index.php?rest_route=\/wp\/v2\/pages\/58\/revisions"}],"predecessor-version":[{"id":40946,"href":"https:\/\/www.casariche.es\/index.php?rest_route=\/wp\/v2\/pages\/58\/revisions\/40946"}],"wp:attachment":[{"href":"https:\/\/www.casariche.es\/index.php?rest_route=%2Fwp%2Fv2%2Fmedia&parent=58"}],"curies":[{"name":"wp","href":"https:\/\/api.w.org\/{rel}","templated":true}]}}