{"id":461,"date":"2012-09-17T08:24:29","date_gmt":"2012-09-17T08:24:29","guid":{"rendered":"http:\/\/www.casariche.es\/?page_id=461"},"modified":"2012-09-17T09:45:40","modified_gmt":"2012-09-17T09:45:40","slug":"el-alcaparral","status":"publish","type":"page","link":"https:\/\/www.casariche.es\/?page_id=461","title":{"rendered":"El Alcaparral"},"content":{"rendered":"<p style=\"text-align: left;\"><strong>VILLA BAJOIMPERIAL \u201cEL ALCAPARRAL\u201d &#8211; Yacimiento arqueol\u00f3gico protegido n\u00ba 17.<\/strong><\/p>\n<p>En el pago de Las Cuarenta, una amplia extensi\u00f3n de terreno al NE de Casariche, situada a 3Km. del mismo, a la derecha de la carretera que nos conduce a Badolatosa, apareci\u00f3 en julio de 1985, durante las labores agr\u00edcolas, y casualmente, un mosaico romano (Opus teselatum).<\/p>\n<p>Puesto en conocimiento de la Delegaci\u00f3n Provincial de Cultura y excavado por este, result\u00f3 ser un bello ejemplar en magn\u00edfico estado de conservaci\u00f3n que representa una escena mitol\u00f3gica del \u201cJuicio de Paris\u201d. Al detectarse en su entorno la existencia de otros restos, se planific\u00f3 una posterior campa\u00f1a de excavaciones que ampli\u00f3 los datos del hallazgo.<\/p>\n<p style=\"text-align: center;\"><a href=\"http:\/\/www.casariche.es\/wp-content\/uploads\/2012\/09\/alcaparral1.jpg\"><img loading=\"lazy\" decoding=\"async\" class=\"size-full wp-image-503\" title=\"alcaparral1\" src=\"http:\/\/www.casariche.es\/wp-content\/uploads\/2012\/09\/alcaparral1.jpg\" alt=\"\" width=\"480\" height=\"315\" srcset=\"https:\/\/www.casariche.es\/wp-content\/uploads\/2012\/09\/alcaparral1.jpg 480w, https:\/\/www.casariche.es\/wp-content\/uploads\/2012\/09\/alcaparral1-300x196.jpg 300w\" sizes=\"auto, (max-width: 480px) 100vw, 480px\" \/><\/a><\/p>\n<p style=\"text-align: left;\"><strong>1.-FUNDACI\u00d3N Y DESTRUCCI\u00d3N DE LA VILLA:<\/strong><\/p>\n<p>El estilo de los mosaicos y el leve apoyo de una moneda del emperador M. Julio Filipo, el \u00c1rabe (244-249), aparecida encima del mosaico 14, la centran en el siglo III, despu\u00e9s de la crisis de estos agitados tiempos, ya que en esta \u00e9poca se produjo una revitalizaci\u00f3n de la econom\u00eda y de los asentamientos rurales. Hasta el momento no ha aparecido nada que la pueda considerar anterior.<\/p>\n<p>En cuanto a la fecha de su final, hay una serie de testimonios concordantes globalmente, pero sin fecha especifica, en el hallazgo de vidrios, cer\u00e1micas, etc. Las monedas halladas en cierto punto de la villa pertenecen a una \u00e9poca que va desde mediados del siglo IV hasta principios del V: para especificar, una de ellas, de Honorio, tiene una amonedaci\u00f3n probable entre el 393-395\u00a0 o\u00a0 395-408. El mosaico de Paris ha sido fechado en siglo IV d.C.<\/p>\n<p>Es tentador ligar su destrucci\u00f3n generalizada con la llegada de los v\u00e1ndalos silingos en el 411, aun cuando no se le puede atribuir la exclusiva de las desgracias del yacimiento en una \u00e9poca tan revuelta socialmente como es esta.<\/p>\n<p>Dada la zona en la que se encuentra el yacimiento, habr\u00eda que barajar m\u00e1s testimonios de los que actualmente hay, y sin duda una mayor comunicaci\u00f3n y coordinaci\u00f3n de la investigaci\u00f3n de la zona<\/p>\n<p style=\"text-align: right;\">Fuente: MEMORIA DE EXCAVACI\u00d3N DE URGENCIA E INFORME DE LA SEGUNDA\u00a0 CAMPA\u00d1A DE EXCAVACIONES en dicha villa. J. C.- Jim\u00e9nez Barrientos, J. A. De\u00a0 La Sierra Fern\u00e1ndez,\u00a0 A. De La Hoz Gandara. 1985-1986.<\/p>\n<p style=\"text-align: center;\"><a href=\"http:\/\/www.casariche.es\/wp-content\/uploads\/2012\/09\/alcaparral2.jpg\"><img loading=\"lazy\" decoding=\"async\" class=\"size-full wp-image-504\" title=\"alcaparral2\" src=\"http:\/\/www.casariche.es\/wp-content\/uploads\/2012\/09\/alcaparral2.jpg\" alt=\"\" width=\"480\" height=\"105\" srcset=\"https:\/\/www.casariche.es\/wp-content\/uploads\/2012\/09\/alcaparral2.jpg 480w, https:\/\/www.casariche.es\/wp-content\/uploads\/2012\/09\/alcaparral2-300x65.jpg 300w\" sizes=\"auto, (max-width: 480px) 100vw, 480px\" \/><\/a><\/p>\n<p style=\"text-align: left;\"><strong>2.- MOSAICOS:<\/strong><\/p>\n<p>El n\u00famero con el que se se\u00f1alan indica el orden en el que fueron apareciendo. Todos los mosaicos fueron extra\u00eddos de la villa en una campa\u00f1a realizada a finales de 2000.<\/p>\n<p style=\"text-align: left;\">Mosaico n\u00ba 1. \u201cJuicio de Paris\u201d.<\/p>\n<p>Tiene una planta de 3\u201965 por 3\u201920 m aprox. Se compone del tema central rodeado por tres orlas de diferentes motivos cada una. Se encontraba en la parte central de la zona noble de la villa, en lo que fue sala-dormitorio del se\u00f1or.<\/p>\n<p>En la actualidad se puede contemplar en una de las salas del Museo Arqueol\u00f3gico de Sevilla, donde se present\u00f3 con motivo del D\u00eda Internacional de los Museos (18\/05\/02).<\/p>\n<p>Este mosaico cuenta con una lista de caracter\u00edsticas que lo hace \u00fanico en la pen\u00ednsula, e incluso en el mundo. \u201cLas versiones m\u00e1s pr\u00f3ximas las hallamos en pintura de Pompeya que parece antecedente del perdido mosaico de Transilvania, que es especular de aquella, y es relacionable con una segunda pintura de Pompeya.\u201d [*] Otros mosaicos del mismo nombre lo podemos encontrar en Antioquia, Cherchel, y Cos. Por lo tanto suman cinco a nivel mundial, uno de ellos desaparecido.<\/p>\n<p>El restaurador del mosaico de Casariche, Jes\u00fas Serrano, reconoce que su valor, y el del resto de mosaicos, es incalculable, ya que se trata de obras \u00abde una ejecuci\u00f3n t\u00e9cnica muy buena y de una calidad enorme en sus teselas\u00bb.<\/p>\n<p>Serrano destaca la \u00abrareza de su composici\u00f3n\u00bb, el cual posee una influencia oriental grande: \u00abLas teselas de cer\u00e1mica consiguen unos colores que no pose\u00edan las teselas de piedra. Adem\u00e1s los ropajes de los personajes que aparecen en la composici\u00f3n tienen unas teselas v\u00edtreas que no se usaban usualmente\u00bb.<\/p>\n<p>Por otro lado, Serrano se\u00f1ala el hecho de que este mosaico sea considerado como una obra de arte, raz\u00f3n por la cual \u00abse ha restaurado como un cuadro de Vel\u00e1zquez\u00bb.<\/p>\n<p>La escena representada recoge un pasaje de la Iliada donde las diosas Atenea, Hera y Afrodita -de izquierda a derecha- se disputan, ante Paris y Hermes, la manzana de oro, s\u00edmbolo de la belleza. Tambi\u00e9n es destacable la presencia de Afrodita desnuda.<\/p>\n<p>Mosaico n\u00ba 2.<\/p>\n<p>Alude a temas geom\u00e9tricos variados, enmarcado por una orla de meandros. Sus dimensiones son desconocidas debido a la destrucci\u00f3n.<\/p>\n<p>Mosaico n\u00ba 3.<\/p>\n<p>Incompleto.<\/p>\n<p>Mosaico n\u00ba4.<\/p>\n<p>S\u00f3lo quedan restos, actualmente est\u00e1 incompleto. Un aspecto importante a destacar es que a parecen dos reparaciones romanas con dise\u00f1os parecidos al original.<\/p>\n<p style=\"text-align: left;\">Mosaico n\u00ba 5. \u201cAlegor\u00eda de la Primavera\u201d.<\/p>\n<p>De dimensiones 6&#215;5 m. Tema geom\u00e9trico a base de c\u00edrculos. En su zona central aparece un medall\u00f3n octogonal, incompleto, donde se representa un busto femenino con t\u00fanica, frutas y vegetaci\u00f3n en el pelo. El teselado que lo rodea representa m\u00f3dulos de nudos y pol\u00edgonos rematados por una cenefa exterior de hojarasca. Realizado en varios colores con teselas v\u00edtreas y cer\u00e1micas.<\/p>\n<p>El resto de decoraci\u00f3n es geom\u00e9trica con el desarrollo de m\u00f3dulos de nudos y consigui\u00e9ndose as\u00ed el cuadrado principal de la sala.<\/p>\n<p>Para adaptar la decoraci\u00f3n al tama\u00f1o de la estancia se ha rellenado a ambos lados con cenefas de cuadrados a la izquierda y hex\u00e1gonos a la derecha.<\/p>\n<p>Para su ejecuci\u00f3n se han empleado teselas de calizas blancas y negras de dimensiones muy regulares, en torno al cm2 y teselas grises y tierras en algunas filas de los nudos, consigui\u00e9ndose un resultado global bastante armonioso.<\/p>\n<p>Mosaico n\u00ba 6.<\/p>\n<p>Incompleto.<\/p>\n<p>Mosaico n\u00ba 7.<\/p>\n<p>Se destaca por sus teselas de cer\u00e1mica y piedra. El tema central es un tema geom\u00e9trico a base de esv\u00e1sticas.<\/p>\n<p>Mosaico n\u00ba 8.<\/p>\n<p>Realizado completamente con teselas de cer\u00e1mica.<\/p>\n<p style=\"text-align: left;\">Mosaico n\u00ba 9. \u201cNereida cabalgando sobre Trit\u00f3n\u201d<\/p>\n<p>Desarrolla un tema figurado de tipo marino, representa la escena de \u201cNereida cabalgando sobre Trit\u00f3n\u201d. Pertenec\u00eda al suelo de una fuente.<\/p>\n<p style=\"text-align: center;\"><a href=\"http:\/\/www.casariche.es\/wp-content\/uploads\/2012\/09\/alcaparral.jpg\"><img loading=\"lazy\" decoding=\"async\" class=\"wp-image-501\" title=\"alcaparral\" src=\"http:\/\/www.casariche.es\/wp-content\/uploads\/2012\/09\/alcaparral.jpg\" alt=\"\" width=\"480\" height=\"317\" srcset=\"https:\/\/www.casariche.es\/wp-content\/uploads\/2012\/09\/alcaparral.jpg 480w, https:\/\/www.casariche.es\/wp-content\/uploads\/2012\/09\/alcaparral-300x198.jpg 300w\" sizes=\"auto, (max-width: 480px) 100vw, 480px\" \/><\/a><\/p>\n<p>Mosaico n\u00ba 10.<\/p>\n<p>Sus dimensiones son de 4,5 x 4,5 m y superficie 20,5 m2. Repite el tema del mosaico n\u00ba 7.<\/p>\n<p>Mosaico n\u00ba 11.<\/p>\n<p>De dimensiones 3&#215;3 m y superficie 9 m2. Representa un tema geom\u00e9trico a base de peltas.<\/p>\n<p>Mosaico n\u00ba 12.<\/p>\n<p>Sus dimensiones son de 6&#215;4 m.\u00a0 Su tema geom\u00e9trico est\u00e1 realizado a base de oct\u00f3gonos, enmarcado por una cenefa trenzada y con orla perimetral con meandros.<\/p>\n<p>Mosaico n\u00ba 13.<\/p>\n<p>De dimensiones desconocidas, superior a 21 m2. Presenta una composici\u00f3n doble, primero un motivo de seis estrellas octogonales seguidos de un juego de cuadrados grandes y peque\u00f1os, de espaciado no del todo regular, y con orla perimetral de peque\u00f1os arcos. En \u00e9l se aprecian varias reparaciones. Se encontraba en una superficie inclinada de 0\u00b45 Gm. en\u00a0 14 de longitud. Incompleto.<\/p>\n<p>Mosaico n\u00ba 14.<\/p>\n<p>Destrozado e incompleto.<\/p>\n<p>[*] BSAA LV.- Universidad de Valladolid. CSIC. \u20131989<\/p>\n<p><strong>3.-OTROS DATOS DE LA VILLA:<\/strong><\/p>\n<p>Los tipos de pavimentos encontrados fueron los de ladrillo y los de argamasa, de color rojo, adem\u00e1s de los mosaicos.<\/p>\n<p>Los muros se presentan en tres tipos; los fabricados de ladrillo, los fabricados con base de piedra y cuerpo de ladrillo, y los hechos de ripio y mortero cubiertos con una capa de cemento alisada, que parecen mas propiamente muretes.<\/p>\n<p>La posibilidad de la existencia de pisos superiores testificada por el hallazgo de restos de suelo, de cemento, ca\u00eddos en la esquina suroeste del mosaico 5.<\/p>\n<p>La planificaci\u00f3n funcional de la casa estaba planteada en terrazas, aunque a\u00fan no han aparecido restos de escaleras que las unan.<\/p>\n<p>Exist\u00edan cuatro zonas de derrumbe. En una de ellas se distingu\u00eda la forma de arcos ca\u00eddos desde el oriente al occidente. En otra zona se encontraron varios ejemplares de ladrillos moldurados con una decoraci\u00f3n que imitaba una cornisa con su denticulado, adem\u00e1s de goznes de puertas.<\/p>\n<p>Alguna de las dependencias de la villa lucir\u00eda columnas de m\u00e1rmol, interpretaci\u00f3n apoyada por el hallazgo al tiempo que el mosaico 1 de una columna de \u00e9ste material.<\/p>\n<p>Uno de los atrios hallados (patios interiores), en el que se encuentra el mosaico 9, tendr\u00eda 12 columnas de ladrillos semicirculares, seg\u00fan los restos conservados.<\/p>\n<p>En el mosaico 9 hab\u00eda una gran atarjea desde la cual arrancaba una tuber\u00eda hecha de atanores de cer\u00e1mica y atravesaba los mosaicos 2, 10 y 13, desembocando en esta zona.<\/p>\n<p style=\"text-align: right;\">Fuente: MEMORIA DE EXCAVACI\u00d3N DE URGENCIA E INFORME DE\u00a0 LA\u00a0 SEGUNDA\u00a0 CAMPA\u00d1A DE EXCAVACIONES en dicha villa. J. C.- Jim\u00e9nez Barrientos, J. A. De\u00a0 La Sierra Fern\u00e1ndez,\u00a0 A. De La Hoz Gandara. 1985-1986.<\/p>\n<p style=\"text-align: right;\">UN PASEO POR NUESTRA HISTORIA. BREVE RESE\u00d1A HIST\u00d3RICA DE CASARICHE: Villa Tardo-romana \u00abEL ALCAPARRAL\u00bb. Francisco Estepa L\u00f3pez. 2010.<\/p>\n","protected":false},"excerpt":{"rendered":"<p>VILLA BAJOIMPERIAL \u201cEL ALCAPARRAL\u201d &#8211; Yacimiento arqueol\u00f3gico protegido n\u00ba 17. En el pago de Las Cuarenta, una amplia extensi\u00f3n de terreno al NE de Casariche,<\/p>\n","protected":false},"author":1,"featured_media":0,"parent":456,"menu_order":0,"comment_status":"closed","ping_status":"open","template":"","meta":{"footnotes":""},"class_list":["post-461","page","type-page","status-publish","hentry"],"_links":{"self":[{"href":"https:\/\/www.casariche.es\/index.php?rest_route=\/wp\/v2\/pages\/461","targetHints":{"allow":["GET"]}}],"collection":[{"href":"https:\/\/www.casariche.es\/index.php?rest_route=\/wp\/v2\/pages"}],"about":[{"href":"https:\/\/www.casariche.es\/index.php?rest_route=\/wp\/v2\/types\/page"}],"author":[{"embeddable":true,"href":"https:\/\/www.casariche.es\/index.php?rest_route=\/wp\/v2\/users\/1"}],"replies":[{"embeddable":true,"href":"https:\/\/www.casariche.es\/index.php?rest_route=%2Fwp%2Fv2%2Fcomments&post=461"}],"version-history":[{"count":5,"href":"https:\/\/www.casariche.es\/index.php?rest_route=\/wp\/v2\/pages\/461\/revisions"}],"predecessor-version":[{"id":464,"href":"https:\/\/www.casariche.es\/index.php?rest_route=\/wp\/v2\/pages\/461\/revisions\/464"}],"up":[{"embeddable":true,"href":"https:\/\/www.casariche.es\/index.php?rest_route=\/wp\/v2\/pages\/456"}],"wp:attachment":[{"href":"https:\/\/www.casariche.es\/index.php?rest_route=%2Fwp%2Fv2%2Fmedia&parent=461"}],"curies":[{"name":"wp","href":"https:\/\/api.w.org\/{rel}","templated":true}]}}