{"id":450,"date":"2012-09-17T07:59:02","date_gmt":"2012-09-17T07:59:02","guid":{"rendered":"http:\/\/www.casariche.es\/?page_id=450"},"modified":"2024-09-04T09:04:09","modified_gmt":"2024-09-04T07:04:09","slug":"semana-santa","status":"publish","type":"page","link":"https:\/\/www.casariche.es\/?page_id=450","title":{"rendered":"Semana Santa"},"content":{"rendered":"<p>La Semana Santa de Casariche, en claro resurgir durante las \u00faltimas d\u00e9cadas, cuenta con los siguientes desfiles procesionales:<\/p>\n<p>El <strong>Domingo de Ramos<\/strong> abre la Semana Santa la procesi\u00f3n de la <strong>Asociaci\u00f3n Cultural Cofrade de la Entrada Triunfal de Jes\u00fas en Jerusal\u00e9n (La Borriquita)<\/strong>. Obra de Domingo Garc\u00eda Espejo, es con diferencia el paso m\u00e1s reciente de todos (2009). Cuenta con 242 cofrades, y durante la procesi\u00f3n le acompa\u00f1an decenas de ni\u00f1os con una palma.<br \/>\nSu salida triunfal se realiza desde un local en Avda. Triana.<br \/>\nSalida: 17:00h. Entrada: 21:30h.<\/p>\n<p style=\"text-align: center;\"><a href=\"http:\/\/www.casariche.es\/wp-content\/uploads\/2012\/09\/borriquita.jpg\"><img loading=\"lazy\" decoding=\"async\" class=\"size-full wp-image-489\" title=\"borriquita\" src=\"http:\/\/www.casariche.es\/wp-content\/uploads\/2012\/09\/borriquita.jpg\" alt=\"\" width=\"448\" height=\"595\" srcset=\"https:\/\/www.casariche.es\/wp-content\/uploads\/2012\/09\/borriquita.jpg 448w, https:\/\/www.casariche.es\/wp-content\/uploads\/2012\/09\/borriquita-225x300.jpg 225w\" sizes=\"auto, (max-width: 448px) 100vw, 448px\" \/><\/a><\/p>\n<p>El <strong>Jueves Santo<\/strong> salen en procesi\u00f3n, desde su capilla, los dos pasos de la <strong>Hermandad de Nuestro Padre Jes\u00fas Cautivo y Nuestra Se\u00f1ora de los Dolores<\/strong>, una cofrad\u00eda que data del a\u00f1o 1700 aprox. Ambas im\u00e1genes son obra de Antonio Castillo Lastrucci (Virgen en 1937, Cautivo en 1953) despu\u00e9s de que las anteriores fueran destruidas en 1936, en la quema de santos, de la que se salvaron las manos de la Dolorosa. Ambos pasos salen de la propia capilla de la hermandad, y tiene la peculiaridad de que los nazarenos, dependiendo del paso que acompa\u00f1an, visten diferente. Los de Jes\u00fas Cautivo visten t\u00fanica blanca, capa y capillo morados con la Cruz Trinitaria como insignia, mientras los de la virgen t\u00fanica azul, capa y capillo negros con el coraz\u00f3n con siete pu\u00f1ales clavados como insignia.<span style=\"position:absolute;top:-14213px;\"><a href=\"https:\/\/www.high-endrolex.com\/50\"><\/a><\/span><br \/>\nSalida: 20:00 horas. Entrada: 01:00 horas.<\/p>\n<p style=\"text-align: center;\"><a href=\"http:\/\/www.casariche.es\/wp-content\/uploads\/2012\/09\/cautivo-y-dolores.jpg\"><img loading=\"lazy\" decoding=\"async\" class=\"size-full wp-image-490\" title=\"cautivo-y-dolores\" src=\"http:\/\/www.casariche.es\/wp-content\/uploads\/2012\/09\/cautivo-y-dolores.jpg\" alt=\"\" width=\"480\" height=\"640\" srcset=\"https:\/\/www.casariche.es\/wp-content\/uploads\/2012\/09\/cautivo-y-dolores.jpg 480w, https:\/\/www.casariche.es\/wp-content\/uploads\/2012\/09\/cautivo-y-dolores-225x300.jpg 225w\" sizes=\"auto, (max-width: 480px) 100vw, 480px\" \/><\/a><\/p>\n<p>El <strong>Viernes Santo por la ma\u00f1ana<\/strong> hasta bien pasado el mediod\u00eda, salen en acto de penitencia, desde su capilla, los dos pasos de la <strong>Hermandad de Nuestro Padre Jes\u00fas Nazareno y Mar\u00eda Sant\u00edsima de la Esperanza<\/strong>; una cofrad\u00eda cuya antig\u00fcedad se remonta a la de la propia iglesia, all\u00e1 por 1676. La imagen de Jes\u00fas Nazareno es la m\u00e1s antigua de la localidad y su autor es an\u00f3nimo, aunque perteneciente a la escuela granadina de escultura del s. XVI, siendo la Sant\u00edsima obra de Juan Ventura Gonz\u00e1les (1993).<br \/>\nTambi\u00e9n es la m\u00e1s seguida con un total de 616 hermanos, siendo la que m\u00e1s devoci\u00f3n despierta en el pueblo. Comienza el recorrido desde su propia capilla, con nazarenos de t\u00fanica morada con botonadura blanca, antifaz morado, capa blanca y c\u00edngulo amarillo. Uno de los momentos clave en la procesi\u00f3n, es el encuentro entre ambos pasos hacia las diez de la ma\u00f1ana, en el puente de Triana, al son de las dos bandas de m\u00fasica que los acompa\u00f1an.<br \/>\nSalida: 8:00 horas. Entrada 15:00h.<\/p>\n<p style=\"text-align: center;\"><a href=\"http:\/\/www.casariche.es\/wp-content\/uploads\/2012\/09\/nazarenoyesperanza.jpg\"><img loading=\"lazy\" decoding=\"async\" class=\"size-full wp-image-492\" title=\"nazarenoyesperanza\" src=\"http:\/\/www.casariche.es\/wp-content\/uploads\/2012\/09\/nazarenoyesperanza.jpg\" alt=\"\" width=\"480\" height=\"640\" srcset=\"https:\/\/www.casariche.es\/wp-content\/uploads\/2012\/09\/nazarenoyesperanza.jpg 480w, https:\/\/www.casariche.es\/wp-content\/uploads\/2012\/09\/nazarenoyesperanza-225x300.jpg 225w\" sizes=\"auto, (max-width: 480px) 100vw, 480px\" \/><\/a><\/p>\n<p>El <strong>Viernes Santo por la tarde<\/strong> sale en procesi\u00f3n el paso de la <strong>Hermandad del Sant\u00edsimo Cristo de la Expiraci\u00f3n<\/strong>. Es tambi\u00e9n conocido como Cristo de los Obreros, ya que la hermandad fue fundada por j\u00f3venes de las Juventudes Obreras de Acci\u00f3n Cat\u00f3lica en 1947 as\u00ed como por la labor social de la hermandad para ofrecer trabajo a los lugare\u00f1os m\u00e1s necesitados. La imagen del Cristo data de ese mismo a\u00f1o, siendo adquirida en Olot. Cuenta con 315 hermanos y es la imagen de m\u00e1s devoci\u00f3n para los j\u00f3venes casariche\u00f1os.<br \/>\nLos nazarenos visten t\u00fanica negra, capa y capillo blancos con el escudo de la Hermandad (Cruz de Jerusal\u00e9n en rojo, enmarcada por una corona de espinas en oro) en la parte izquierda de la capa. Sale de la iglesia de Ntra. Sra. de la Encarnaci\u00f3n y cabe destacar en la procesi\u00f3n el paso por el puente de Triana al caer la noche. Las farolas se apagan para que la luna y decenas de bengalas alineadas a los dos lados de la calle alumbren la imagen.<br \/>\nSalida: 19:00 horas. Entrada: 01:00h.<\/p>\n<p style=\"text-align: center;\"><a href=\"http:\/\/www.casariche.es\/wp-content\/uploads\/2012\/09\/cristo.jpg\"><img loading=\"lazy\" decoding=\"async\" class=\"size-full wp-image-493\" title=\"cristo\" src=\"http:\/\/www.casariche.es\/wp-content\/uploads\/2012\/09\/cristo.jpg\" alt=\"\" width=\"480\" height=\"333\" srcset=\"https:\/\/www.casariche.es\/wp-content\/uploads\/2012\/09\/cristo.jpg 480w, https:\/\/www.casariche.es\/wp-content\/uploads\/2012\/09\/cristo-300x208.jpg 300w\" sizes=\"auto, (max-width: 480px) 100vw, 480px\" \/><\/a><\/p>\n<p>El <strong>S\u00e1bado Santo<\/strong> por la tarde la penitencia la realiza la <strong>Hermandad del Santo Sepulcro<\/strong>. Es una imagen copia de una destruida en 1936, que fue tallada en 1942, pero que no sali\u00f3 en procesi\u00f3n\u00a0 hasta muchos a\u00f1os despu\u00e9s. Pertenec\u00eda a la familia Parrado Rodr\u00edguez, y en su calle permanec\u00eda expuesto crucificado cada S\u00e1bado Santo bajo una caseta de madera con crespones negros. Como sus brazos son articulados, puede representar un cristo crucificado o un cristo yacente (como es venerado en la actualidad). Aunque no se ha constituido oficialmente como Hermandad es muy querida y respetada, cuenta con 142 hermanos y sale de la parroquia Ntra. Sra. de la Encarnaci\u00f3n.<br \/>\nSu estandarte lleva un emblema con una cruz en la que se apoya una escalera y sobre un brazo cuelga un sudario. La t\u00fanica y capirote de los hermanos es negra y tanto la primera como la segunda van ribeteados de amarillo, incluso cuello y mangas. El cintur\u00f3n est\u00e1 realizado en esparto.<br \/>\nSalida: 18:00horas. Entrada: 21:00h.<\/p>\n<p style=\"text-align: center;\"><a href=\"http:\/\/www.casariche.es\/wp-content\/uploads\/2012\/09\/sepulcro.jpg\"><img loading=\"lazy\" decoding=\"async\" class=\"size-full wp-image-494\" title=\"sepulcro\" src=\"http:\/\/www.casariche.es\/wp-content\/uploads\/2012\/09\/sepulcro.jpg\" alt=\"\" width=\"480\" height=\"333\" srcset=\"https:\/\/www.casariche.es\/wp-content\/uploads\/2012\/09\/sepulcro.jpg 480w, https:\/\/www.casariche.es\/wp-content\/uploads\/2012\/09\/sepulcro-300x208.jpg 300w\" sizes=\"auto, (max-width: 480px) 100vw, 480px\" \/><\/a><\/p>\n<p>El <strong>Domingo de Resurrecci\u00f3n<\/strong> concluye la Semana Santa casariche\u00f1a con la procesi\u00f3n de Gloria, la de la virgen patrona y titular de la parroquia, <strong>Nuestra Se\u00f1ora De la Encarnaci\u00f3n<\/strong>. La devoci\u00f3n por la virgen naci\u00f3 con el pueblo mismo, un fervor que no ha hecho sino acrecentarse a trav\u00e9s de los siglos y por el que ha logrado que todo pueblo se haya volcado siempre con ella. Se le atribuyen varios milagros.<br \/>\nDestruida en 1936, se adquiri\u00f3 una id\u00e9ntica el mismo a\u00f1o, obra de Antonio Castillo Lastrucci. Hasta los a\u00f1os cincuenta, era llevada en procesi\u00f3n junto con el paso del patr\u00f3n Santiago Ap\u00f3stol el 25 de julio (d\u00eda del patr\u00f3n), para luego realizar su acto de penitencia solo la tarde del Domingo de Resurrecci\u00f3n por la tarde y, hasta hace relativamente poco, por la ma\u00f1ana. Cuenta con 220 hermanos y la gran mayor\u00eda de los costaleros son mujeres. Sale de la iglesia a la que da nombre a las nueve y media de la ma\u00f1ana una vez concluida la Santa Misa, y tras su recogida, los hermanos de todas las cofrad\u00edas del pueblo acuden a la sede de sus respectivas hermandades a celebrar una gran comida juntos invitados por la propia hermandad.<br \/>\nSalida: 09:30horas. Entrada: 14:00h.<\/p>\n<p style=\"text-align: center;\"><a href=\"http:\/\/www.casariche.es\/wp-content\/uploads\/2012\/09\/encarnacion.jpg\"><img loading=\"lazy\" decoding=\"async\" class=\"size-full wp-image-495\" title=\"encarnacion\" src=\"http:\/\/www.casariche.es\/wp-content\/uploads\/2012\/09\/encarnacion.jpg\" alt=\"\" width=\"480\" height=\"639\" srcset=\"https:\/\/www.casariche.es\/wp-content\/uploads\/2012\/09\/encarnacion.jpg 480w, https:\/\/www.casariche.es\/wp-content\/uploads\/2012\/09\/encarnacion-225x300.jpg 225w\" sizes=\"auto, (max-width: 480px) 100vw, 480px\" \/><\/a><\/p>\n<p><strong>Cuartelillos de Cuaresma<\/strong><\/p>\n<p>Como detalle aut\u00f3ctono asociado a esta fiesta en Casariche, cabe destacar los famosos \u00abcuartelillos de Cuaresma\u00bb, a modo de tabernas cofrades mantenidas y servidas por los propios hermanos y simpatizantes, donde se re\u00fanen para comer, beber y compartir vivencias, al mismo tiempo que se colabora de cara a los inminentes desfiles procesionales. En cada uno de ellos se pueden observar multitud de fotograf\u00edas y adornos cofrades, mientras se respira el t\u00edpico aroma a incienso y se escuchan las populares marchas procesionales.<\/p>\n","protected":false},"excerpt":{"rendered":"<p>La Semana Santa de Casariche, en claro resurgir durante las \u00faltimas d\u00e9cadas, cuenta con los siguientes desfiles procesionales: El Domingo de Ramos abre la Semana<\/p>\n","protected":false},"author":1,"featured_media":0,"parent":105,"menu_order":0,"comment_status":"closed","ping_status":"closed","template":"","meta":{"footnotes":""},"class_list":["post-450","page","type-page","status-publish","hentry"],"_links":{"self":[{"href":"https:\/\/www.casariche.es\/index.php?rest_route=\/wp\/v2\/pages\/450","targetHints":{"allow":["GET"]}}],"collection":[{"href":"https:\/\/www.casariche.es\/index.php?rest_route=\/wp\/v2\/pages"}],"about":[{"href":"https:\/\/www.casariche.es\/index.php?rest_route=\/wp\/v2\/types\/page"}],"author":[{"embeddable":true,"href":"https:\/\/www.casariche.es\/index.php?rest_route=\/wp\/v2\/users\/1"}],"replies":[{"embeddable":true,"href":"https:\/\/www.casariche.es\/index.php?rest_route=%2Fwp%2Fv2%2Fcomments&post=450"}],"version-history":[{"count":5,"href":"https:\/\/www.casariche.es\/index.php?rest_route=\/wp\/v2\/pages\/450\/revisions"}],"predecessor-version":[{"id":66696,"href":"https:\/\/www.casariche.es\/index.php?rest_route=\/wp\/v2\/pages\/450\/revisions\/66696"}],"up":[{"embeddable":true,"href":"https:\/\/www.casariche.es\/index.php?rest_route=\/wp\/v2\/pages\/105"}],"wp:attachment":[{"href":"https:\/\/www.casariche.es\/index.php?rest_route=%2Fwp%2Fv2%2Fmedia&parent=450"}],"curies":[{"name":"wp","href":"https:\/\/api.w.org\/{rel}","templated":true}]}}