{"id":38335,"date":"2021-06-25T09:27:36","date_gmt":"2021-06-25T07:27:36","guid":{"rendered":"https:\/\/www.casariche.es\/?page_id=38335"},"modified":"2021-06-25T09:27:36","modified_gmt":"2021-06-25T07:27:36","slug":"objetos-perdidos-policia-local-de-casariche","status":"publish","type":"page","link":"https:\/\/www.casariche.es\/?page_id=38335","title":{"rendered":"Objetos Perdidos &#8211; Polic\u00eda Local de Casariche"},"content":{"rendered":"<p><a href=\"http:\/\/www.casariche.es\/wp-content\/uploads\/2021\/06\/escudo.png\"><img loading=\"lazy\" decoding=\"async\" class=\"alignleft  wp-image-38337\" src=\"http:\/\/www.casariche.es\/wp-content\/uploads\/2021\/06\/escudo.png\" alt=\"\" width=\"150\" height=\"200\" srcset=\"https:\/\/www.casariche.es\/wp-content\/uploads\/2021\/06\/escudo.png 262w, https:\/\/www.casariche.es\/wp-content\/uploads\/2021\/06\/escudo-225x300.png 225w\" sizes=\"auto, (max-width: 150px) 100vw, 150px\" \/><\/a>Si has perdido alg\u00fan objeto, puedes completar el siguiente formulario para que la Polic\u00eda Local de Casariche tenga los datos y en caso de tener en sus dependencias alg\u00fan objeto que coincida con la descripci\u00f3n indicada, contactar\u00e1n contigo.<\/p>\n<p>Esta informaci\u00f3n ser\u00e1 usada por la Polic\u00eda Local de Casariche \u00fanica y exclusivamente para la gesti\u00f3n de objetos perdidos, pudiendo hacer aquellas comprobaciones que estime oportunas.<\/p>\n\n<div class=\"wpcf7 no-js\" id=\"wpcf7-f38311-o1\" lang=\"es-ES\" dir=\"ltr\" data-wpcf7-id=\"38311\">\n<div class=\"screen-reader-response\"><p role=\"status\" aria-live=\"polite\" aria-atomic=\"true\"><\/p> <ul><\/ul><\/div>\n<form action=\"\/index.php?rest_route=%2Fwp%2Fv2%2Fpages%2F38335#wpcf7-f38311-o1\" method=\"post\" class=\"wpcf7-form init\" aria-label=\"Formulario de contacto\" novalidate=\"novalidate\" data-status=\"init\">\n<fieldset class=\"hidden-fields-container\"><input type=\"hidden\" name=\"_wpcf7\" value=\"38311\" \/><input type=\"hidden\" name=\"_wpcf7_version\" value=\"6.1.5\" \/><input type=\"hidden\" name=\"_wpcf7_locale\" value=\"es_ES\" \/><input type=\"hidden\" name=\"_wpcf7_unit_tag\" value=\"wpcf7-f38311-o1\" \/><input type=\"hidden\" name=\"_wpcf7_container_post\" value=\"0\" \/><input type=\"hidden\" name=\"_wpcf7_posted_data_hash\" value=\"\" \/><input type=\"hidden\" name=\"_wpcf7_recaptcha_response\" value=\"\" \/>\n<\/fieldset>\n<div class=\"wpcf7-turnstile cf-turnstile\" data-sitekey=\"0x4AAAAAABjJ_BvL7NZPVL7E\" data-response-field-name=\"_wpcf7_turnstile_response\"><\/div>\n\n<p><label> Tu nombre y apellidos<br \/>\n<span class=\"wpcf7-form-control-wrap\" data-name=\"your-name\"><input size=\"40\" maxlength=\"400\" class=\"wpcf7-form-control wpcf7-text wpcf7-validates-as-required\" aria-required=\"true\" aria-invalid=\"false\" value=\"\" type=\"text\" name=\"your-name\" \/><\/span> <\/label>\n<\/p>\n<p><label> Tu n\u00famero de tel\u00e9fono<br \/>\n<span class=\"wpcf7-form-control-wrap\" data-name=\"tel-678\"><input size=\"40\" maxlength=\"400\" class=\"wpcf7-form-control wpcf7-tel wpcf7-validates-as-required wpcf7-text wpcf7-validates-as-tel\" aria-required=\"true\" aria-invalid=\"false\" value=\"\" type=\"tel\" name=\"tel-678\" \/><\/span> <\/label>\n<\/p>\n<p><label> \u00bfQu\u00e9 objeto has perdido?<br \/>\n<span class=\"wpcf7-form-control-wrap\" data-name=\"objeto\"><input size=\"40\" maxlength=\"400\" class=\"wpcf7-form-control wpcf7-text wpcf7-validates-as-required\" aria-required=\"true\" aria-invalid=\"false\" value=\"\" type=\"text\" name=\"objeto\" \/><\/span> <\/label>\n<\/p>\n<p><label> Describe lo mejor que puedas el objeto perdido (color, marca, tama\u00f1o...)<br \/>\n<span class=\"wpcf7-form-control-wrap\" data-name=\"descripcion\"><textarea cols=\"40\" rows=\"10\" maxlength=\"2000\" class=\"wpcf7-form-control wpcf7-textarea wpcf7-validates-as-required\" aria-required=\"true\" aria-invalid=\"false\" name=\"descripcion\"><\/textarea><\/span> <\/label>\n<\/p>\n<p><label> Fecha en la que perdi\u00f3 el objeto<br \/>\n<span class=\"wpcf7-form-control-wrap\" data-name=\"fecha\"><input size=\"40\" maxlength=\"400\" class=\"wpcf7-form-control wpcf7-text\" aria-invalid=\"false\" value=\"\" type=\"text\" name=\"fecha\" \/><\/span> <\/label>\n<\/p>\n<p><label> Lugar donde perdi\u00f3 el objeto<br \/>\n<span class=\"wpcf7-form-control-wrap\" data-name=\"lugar\"><input size=\"40\" maxlength=\"400\" class=\"wpcf7-form-control wpcf7-text\" aria-invalid=\"false\" value=\"\" type=\"text\" name=\"lugar\" \/><\/span> <\/label>\n<\/p>\n<p><label> Si tienes algunas im\u00e1genes de tu objeto perdido, adj\u00fantalas (m\u00e1ximo 5 im\u00e1genes)<br \/>\n<span class=\"wpcf7-form-control-wrap\" data-name=\"imagen\"><input size=\"40\" class=\"wpcf7-form-control wpcf7-drag-n-drop-file d-none\" aria-invalid=\"false\" type=\"file\" multiple=\"multiple\" data-name=\"imagen\" data-type=\"jpeg|jpg|png|gif\" data-max=\"5\" data-id=\"38311\" data-version=\"free version 1.3.9.7\" accept=\".jpeg, .jpg, .png, .gif\" \/><\/span> <\/label>\n<\/p>\n<p><input class=\"wpcf7-form-control wpcf7-submit has-spinner\" type=\"submit\" value=\"Enviar\" \/>\n<\/p><p style=\"display: none !important;\" class=\"akismet-fields-container\" data-prefix=\"_wpcf7_ak_\"><label>&#916;<textarea name=\"_wpcf7_ak_hp_textarea\" cols=\"45\" rows=\"8\" maxlength=\"100\"><\/textarea><\/label><input type=\"hidden\" id=\"ak_js_1\" name=\"_wpcf7_ak_js\" value=\"157\"\/><script type=\"text\/javascript\">\n\/* <![CDATA[ *\/\ndocument.getElementById( \"ak_js_1\" ).setAttribute( \"value\", ( new Date() ).getTime() );\n\/* ]]> *\/\n<\/script>\n<\/p><div class=\"wpcf7-response-output\" aria-hidden=\"true\"><\/div>\n<\/form>\n<\/div>\n\n","protected":false},"excerpt":{"rendered":"<p>Si has perdido alg\u00fan objeto, puedes completar el siguiente formulario para que la Polic\u00eda Local de Casariche tenga los datos y en caso de tener<\/p>\n","protected":false},"author":1,"featured_media":0,"parent":0,"menu_order":0,"comment_status":"closed","ping_status":"closed","template":"","meta":{"footnotes":""},"class_list":["post-38335","page","type-page","status-publish","hentry"],"_links":{"self":[{"href":"https:\/\/www.casariche.es\/index.php?rest_route=\/wp\/v2\/pages\/38335","targetHints":{"allow":["GET"]}}],"collection":[{"href":"https:\/\/www.casariche.es\/index.php?rest_route=\/wp\/v2\/pages"}],"about":[{"href":"https:\/\/www.casariche.es\/index.php?rest_route=\/wp\/v2\/types\/page"}],"author":[{"embeddable":true,"href":"https:\/\/www.casariche.es\/index.php?rest_route=\/wp\/v2\/users\/1"}],"replies":[{"embeddable":true,"href":"https:\/\/www.casariche.es\/index.php?rest_route=%2Fwp%2Fv2%2Fcomments&post=38335"}],"version-history":[{"count":4,"href":"https:\/\/www.casariche.es\/index.php?rest_route=\/wp\/v2\/pages\/38335\/revisions"}],"predecessor-version":[{"id":38340,"href":"https:\/\/www.casariche.es\/index.php?rest_route=\/wp\/v2\/pages\/38335\/revisions\/38340"}],"wp:attachment":[{"href":"https:\/\/www.casariche.es\/index.php?rest_route=%2Fwp%2Fv2%2Fmedia&parent=38335"}],"curies":[{"name":"wp","href":"https:\/\/api.w.org\/{rel}","templated":true}]}}