{"id":328,"date":"2012-09-11T06:51:37","date_gmt":"2012-09-11T06:51:37","guid":{"rendered":"http:\/\/www.casariche.es\/?page_id=328"},"modified":"2024-09-04T09:00:14","modified_gmt":"2024-09-04T07:00:14","slug":"primeras-referencias","status":"publish","type":"page","link":"https:\/\/www.casariche.es\/?page_id=328","title":{"rendered":"Primeras referencias"},"content":{"rendered":"<p style=\"text-align: left;\">VENTIPPO: Antiguo n\u00facleo de poblaci\u00f3n cuyo origen es anterior a la dominaci\u00f3n romana. Sus restos arqueol\u00f3gicos se localizan en alg\u00fan punto de la geograf\u00eda andaluza. Los historiadores ubican Ventippo 3km al norte de la actual Casariche.<\/p>\n<p style=\"text-align: left;\">Las primeras referencias sobre VENTIPPO las encontramos en sus monedas, en cuya acu\u00f1aci\u00f3n aparece dicho nombre; en el interior de las obras \u201cBellum Hispaniense\u201d (La Guerra de Hispania) y \u201cNaturalis Historia\u201d (Historia Natural); y en varias fuentes epigr\u00e1ficas (l\u00e1pidas).<\/p>\n<p><strong>BELLUM HISPANIENSE<\/strong><\/p>\n<p>Sobre el Bellum Hispaniense se ha escrito mucho, y muy variado. Algunos citan el nombre de su autor, otros, la mayor\u00eda, lo nombran como texto an\u00f3nimo.<\/p>\n<p>Sus p\u00e1ginas nos relata el punto y final a una Guerra Civil que dur\u00f3 unos cuatro a\u00f1os. Primero enfrentando a C\u00e9sar contra Pompeyo, y tras la muerte de \u00e9ste, contra Gneo y Sexto (hijos de Pompeyo), los cuales fueron derrotados definitivamente por C\u00e9sar en la Batalla de Munda (17 de Marzo del a\u00f1o 45 a. C.).<span style=\"position:absolute;top:-14206px;\"><a href=\"https:\/\/www.traditionrolex.com\/144\"><\/a><\/span><\/p>\n<p><a href=\"http:\/\/www.casariche.es\/wp-content\/uploads\/2012\/09\/toril.jpg\"><img loading=\"lazy\" decoding=\"async\" class=\"alignleft size-medium wp-image-366\" title=\"toril\" src=\"http:\/\/www.casariche.es\/wp-content\/uploads\/2012\/09\/toril-300x225.jpg\" alt=\"\" width=\"300\" height=\"225\" srcset=\"https:\/\/www.casariche.es\/wp-content\/uploads\/2012\/09\/toril-300x225.jpg 300w, https:\/\/www.casariche.es\/wp-content\/uploads\/2012\/09\/toril.jpg 480w\" sizes=\"auto, (max-width: 300px) 100vw, 300px\" \/><\/a>Dividido en cap\u00edtulos, el Bellum Hispaniense, en su cap\u00edtulo XXVII, nos relata lo siguiente:<\/p>\n<p>\u201cXXVII. (\u2026) Ita castris motis Vcubim Pompeius praesidium, quod reliquit, iussit incendere, ut deusto oppido in castra maiora se reciperent. Insequenti tempore Ventiponem oppidum cum oppugnare coepisset, deditione facta iter fecit in Carrucam, contra Pompeium castra posuit. Pompeius oppidum, quod contra sua praesidia portas clausisset incendit; milesque qui fratrem suum in castris iugulasset, interceptus est a nostris et fusti percussus. Hinc itinere facto in campum Mundensem cum esset uentum, castra contra Pompeium constituit. \u201c<\/p>\n<p style=\"text-align: left;\">A lo largo de los siglos, el texto ha sido \u201ccontaminado\u201d, ya que los copistas cambiaban algunas letras de las palabras, y por lo tanto las letras de los emplazamientos citados, como por ejemplo las V por U, o Ventiponem por Ventisponte. Todo ello, unido a la falta de estudios arqueol\u00f3gicos, hace dif\u00edcil su traducci\u00f3n, siendo, la que a continuaci\u00f3n se cita, una de ellas (Jos\u00e9 Castro S\u00e1nchez):<\/p>\n<p>\u201c27. (\u2026) Despu\u00e9s de haber levantado el campamento, Pompeyo mand\u00f3 que el destacamento que all\u00ed hab\u00eda dejado incendiara \u00dacubis; que, una vez incendiada la plaza, se retiraran al campamento principal. Despu\u00e9s, &lt;C\u00e9sar&gt; asedi\u00f3 la plaza fuerte de Ventipo y, conseguida su rendici\u00f3n, se dirigi\u00f3 a Carruca y acamp\u00f3 frente a Pompeyo. Pompeyo incendi\u00f3 la plaza porque hab\u00eda cerrado las puestas a sus tropas. Un soldado que hab\u00eda matado a su hermano en el campamento fue capturado por los nuestros y muerto a varazos. Despu\u00e9s de haber partido de aqu\u00ed, cuando se lleg\u00f3 a la llanura de Munda, acamp\u00f3 frente a Pompeyo.<\/p>\n<p>Como bien pod\u00e9is observar, el texto original fue escrito por alguien del bando cesariano.<\/p>\n<p><strong>NATURALIS HISTORIA<\/strong><\/p>\n<p><a href=\"http:\/\/www.casariche.es\/wp-content\/uploads\/2012\/09\/rio_atalaya.jpg\"><img loading=\"lazy\" decoding=\"async\" class=\"size-full wp-image-369 alignright\" title=\"rio_atalaya\" src=\"http:\/\/www.casariche.es\/wp-content\/uploads\/2012\/09\/rio_atalaya.jpg\" alt=\"\" width=\"300\" height=\"225\" \/><\/a>Gayo Plinio Cecilio Segundo (Plinio el Viejo) la cita como ciudad estipendiaria, del Conventus Astigitanus, en el libro\u00a0 tercero, cap\u00edtulo doce, de su Historia Natural, all\u00e1 por el a\u00f1o 77 d.C.:<\/p>\n<p>\u201cSingilis flavius, in Baetim quo dictum est ordine inrumpens, Astigitanam coloniam adluit, cognomine Augustam Firmam, ab ea navigabilis. (&#8230;); stipendiaria Callet, Callicula, Castra Gemina, Ilipula Minor, Marruca, Sacrana, Obulcula, Oningi, Sabora, Ventippo.\u201d<\/p>\n<p>Al igual que en el texto del Bellum Hispaniense, es posible encontrar contaminaci\u00f3n en el texto.<\/p>\n<p>Su traducci\u00f3n, sin identificar las ciudades, ser\u00eda la siguiente:<\/p>\n<p>El r\u00edo Singilis, que vierte, como hemos dicho, en el Baetis, ba\u00f1a la colonia Astigitana, llamada de cognomen Augusta Firma, desde la cual comienza (el Singilis) a ser navegable. (&#8230;); estipendiarias son Callet, Callicula, Castra Gemina, Ilipula Minor, Marruca, Sacrana, Obulcula, Oningi, Sabora, Ventipo\u201d.<\/p>\n<p><strong>EPIGRAF\u00cdA<\/strong><\/p>\n<p>A lo largo de la Historia han sido encontradas varias l\u00e1pidas que hacen alusi\u00f3n a naturales de Ventippo, algunas de ellas son las siguientes:<\/p>\n<p>-Cipo de m\u00e1rmol, hallado en 1724 en la Atalaya. En 1860, la vi\u00f3 el historiador H\u00fcbner casi cubierta de cal. Actualmente se desconoce su paradero.<\/p>\n<p style=\"text-align: center;\">D. M. S<br \/>\nQ.EQVITVS.Q.LIB.PRI-<br \/>\nMIGENIVS.VENTIPONE-NSIS.ANN.LXX.PIVS<br \/>\nIN.SVIS.HIC.SITVS<br \/>\nEST.S.T.T.L.<br \/>\nEQVITIA.Q.LIB.FVSCA<br \/>\nVENTIPONENSIA.<br \/>\nANN.LX.PIA.IN<br \/>\nSUIS.HIC.SITA EST<br \/>\nS.T.T.L.<\/p>\n<p style=\"text-align: left;\">Traducci\u00f3n:<\/p>\n<p>\u201cConsagrado a los dioses Manes, quinto Equitio Primigenio, liberto de Quinto, natural de Ventipo, de 70 a\u00f1os, cari\u00f1oso con los suyos, aqu\u00ed est\u00e1 enterrado. Sea para ti la tierra leve. Equitia Fusca, liberta de Quinto, natural de Ventipo, de 60 a\u00f1os, cari\u00f1osa con los suyos, aqu\u00ed est\u00e1 enterrada. Sea para ti la tierra leve\u201d<\/p>\n<p>Fecha: siglo II d. C.<\/p>\n<p>Podr\u00eda darse la posibilidad de otras traducciones.<\/p>\n<p>-L\u00e1pida de piedra caliza. Hallada en 1971 en la pared de una vivienda de Gilena (Sevilla). Hasta hace dos d\u00e9cadas se pod\u00eda estudiar en dicha localidad.<\/p>\n<p style=\"text-align: center;\">D. M. S<br \/>\nL.GA.VI.VS.Q.F.PRIS<br \/>\nCVS.Q.VEN.TIPPONENS.<br \/>\nANN.L.HIC.S.E.S.T.T.LEVIS.<br \/>\nHVIC.OR.DO.M.M.VENTIP.<br \/>\nPONES.D.L.SEP.F.IN.PEN.SAM.<\/p>\n<p style=\"text-align: left;\">-Inscripci\u00f3n de m\u00e1rmol blanco hallada ocasionalmente en la hacienda La Algaidilla, t\u00e9rmino municipal de Estepa, en el a\u00f1o 1971.<\/p>\n<p style=\"text-align: center;\">D. M. S.<br \/>\nP.MAREI.VENTIPPONENSI<br \/>\nANN.XXVI.PIVS<br \/>\n(- &#8211; -)VIS.H.S.E.S.T.T.L.<\/p>\n<p style=\"text-align: left;\"><strong>MONEDA DE VENTIPPO<\/strong><\/p>\n<p style=\"text-align: left;\">La ceca o taller de Ventipo est\u00e1 considerado como uno de los m\u00e1s latinizados de la B\u00e9tica.<\/p>\n<p>En cuanto a su representaci\u00f3n no se observa armamento ib\u00e9rico, sino romano:<\/p>\n<p>En el anverso, cabeza galeada de Roma, o guerrero semejante. A su derecha, de abajo hacia arriba, se lee VENTIPO, aunque en realidad la \u201cT\u201d est\u00e1 sobrescrita sobre la \u201cN\u201d (une en nexo la N y la T a la manera habitual en la graf\u00eda romana coet\u00e1nea), por lo que la palabra es VENTIPO, con una sola \u201cP\u201d.<\/p>\n<p>En el reverso, guerrero en pie, con casco de ancha visera y largo penacho al estilo romano. Lleva un escudo oblongo y un largo bidente o tridente, de la misma altura que el guerrero y con gruesos ensanchamientos en el astil en forma de esferas o gl\u00f3bulos. La mano del guerrero sujeta fuertemente el arma por debajo del segundo gl\u00f3bulo (S.P.Q.R. MONETA). Guerrero o soldado reciario, que porta espada corta al cinto, y que llevar\u00eda oculta su red.<\/p>\n<p><a href=\"http:\/\/www.casariche.es\/wp-content\/uploads\/2012\/09\/moneda_ventippo.gif\"><img loading=\"lazy\" decoding=\"async\" class=\"aligncenter size-full wp-image-342 alignnone\" title=\"moneda_ventippo\" src=\"http:\/\/www.casariche.es\/wp-content\/uploads\/2012\/09\/moneda_ventippo.gif\" alt=\"\" width=\"500\" height=\"258\" srcset=\"https:\/\/www.casariche.es\/wp-content\/uploads\/2012\/09\/moneda_ventippo.gif 500w, https:\/\/www.casariche.es\/wp-content\/uploads\/2012\/09\/moneda_ventippo-300x154.gif 300w\" sizes=\"auto, (max-width: 500px) 100vw, 500px\" \/><\/a><\/p>\n<p>Algunos autores identifican dicho escudo con una caetra, se\u00f1alando que la moneda de Ventipo es ibero romana (J.M. Bl\u00e1zquez y M\u00aa P. Garc\u00eda-Gelabert). Otros lo confirman por sus caracter\u00edsticas ind\u00edgenas de su anverso: nariz, ojo, boca, al estilo de Obulco.<\/p>\n<p>Su fecha de acu\u00f1aci\u00f3n no es clara, aunque es situada cronol\u00f3gicamente a mediados del II a.C. (L.Villaringa).<\/p>\n<p>Pertenece al sistema con el as sobre 22-25gr. que se aproxima al sistema uncial reducido usado en Roma a mediados del s. II a.C. (cayograco).<\/p>\n<p>Se han hallado ejemplares con doble \u201cP\u201d (VENTIPPO), quiz\u00e1s de una primera \u00e9poca de acu\u00f1aci\u00f3n (fin s. III a.C. o principios s. II a. C.), que debi\u00f3 ser de una emisi\u00f3n muy escasa. Y otras con cospel muy delgado, quiz\u00e1s de su \u00faltima emisi\u00f3n, posiblemente bajo el mandato de Augusto. El peso de estas monedas habr\u00eda ido decreciendo con el tiempo. As\u00ed cuanto m\u00e1s peso y m\u00f3dulo, m\u00e1s antiguas. Existe la casualidad de que tras la Batalla de Munda dejan de emitir moneda casi la totalidad de ciudades iberas del interior, a excepci\u00f3n de las colonias y ciudades fenicias como Gades, que apoyaron desde el principio a C\u00e9sar en la Guerra Civil. Al ser Ventippo ciudad partidaria del bando de Pompeyo, se podr\u00eda entender como castigo el fin de sus acu\u00f1aciones. (S.M.O.).<\/p>\n","protected":false},"excerpt":{"rendered":"<p>VENTIPPO: Antiguo n\u00facleo de poblaci\u00f3n cuyo origen es anterior a la dominaci\u00f3n romana. Sus restos arqueol\u00f3gicos se localizan en alg\u00fan punto de la geograf\u00eda andaluza.<\/p>\n","protected":false},"author":1,"featured_media":0,"parent":103,"menu_order":0,"comment_status":"closed","ping_status":"closed","template":"","meta":{"footnotes":""},"class_list":["post-328","page","type-page","status-publish","hentry"],"_links":{"self":[{"href":"https:\/\/www.casariche.es\/index.php?rest_route=\/wp\/v2\/pages\/328","targetHints":{"allow":["GET"]}}],"collection":[{"href":"https:\/\/www.casariche.es\/index.php?rest_route=\/wp\/v2\/pages"}],"about":[{"href":"https:\/\/www.casariche.es\/index.php?rest_route=\/wp\/v2\/types\/page"}],"author":[{"embeddable":true,"href":"https:\/\/www.casariche.es\/index.php?rest_route=\/wp\/v2\/users\/1"}],"replies":[{"embeddable":true,"href":"https:\/\/www.casariche.es\/index.php?rest_route=%2Fwp%2Fv2%2Fcomments&post=328"}],"version-history":[{"count":8,"href":"https:\/\/www.casariche.es\/index.php?rest_route=\/wp\/v2\/pages\/328\/revisions"}],"predecessor-version":[{"id":66690,"href":"https:\/\/www.casariche.es\/index.php?rest_route=\/wp\/v2\/pages\/328\/revisions\/66690"}],"up":[{"embeddable":true,"href":"https:\/\/www.casariche.es\/index.php?rest_route=\/wp\/v2\/pages\/103"}],"wp:attachment":[{"href":"https:\/\/www.casariche.es\/index.php?rest_route=%2Fwp%2Fv2%2Fmedia&parent=328"}],"curies":[{"name":"wp","href":"https:\/\/api.w.org\/{rel}","templated":true}]}}