{"id":58855,"date":"2023-11-27T14:24:56","date_gmt":"2023-11-27T13:24:56","guid":{"rendered":"http:\/\/www.casariche.es\/?page_id=58855"},"modified":"2024-10-28T10:35:53","modified_gmt":"2024-10-28T09:35:53","slug":"proteccion-de-datos","status":"publish","type":"page","link":"http:\/\/www.casariche.es\/?page_id=58855","title":{"rendered":"Protecci\u00f3n de Datos"},"content":{"rendered":"<div id=\"sec0Blc0\" class=\"panel-body tab-pane fade in active\" role=\"tabpanel\">\n<div class=\"detail-p\">\n<blockquote>\n<address>Delegado de Protecci\u00f3n de DatosCorreo de contacto: <a href=\"mailto:dpd@casariche.es\">dpd@casariche.es<\/a><br \/>\n(este correo solo funciona a efectos de consulta, el ejercicio de derechos en materia de protecci\u00f3n de datos personales ha de hacerse utilizando los modelos normalizados disponibles en la sede electr\u00f3nica del Ayuntamiento de Casariche)<\/address>\n<address>Tel\u00e9fono: 954019911<\/address>\n<\/blockquote>\n<p>Esta figura constituye uno de los elementos claves del RGPD al actuar como garante del cumplimiento de la normativa de la protecci\u00f3n de datos en las organizaciones.<\/p>\n<p>Tiene como funciones esenciales:<\/p>\n<ul>\n<li>Informar y asesorar al responsable o al encargado del tratamiento y a los empleados que se ocupen del tratamiento, de las obligaciones del RPGD y dem\u00e1s normativa aplicable en protecci\u00f3n de datos.<\/li>\n<li>Supervisar el cumplimiento del RGPD y dem\u00e1s normativa aplicable en protecci\u00f3n de datos, y de las pol\u00edticas del responsable o encargado del tratamiento en dicha materia, incluida la asignaci\u00f3n de responsabilidades, la concienciaci\u00f3n y formaci\u00f3n del personal que participa en operaciones de tratamiento, y las auditor\u00edas correspondientes.<\/li>\n<li>Cooperar con la autoridad de control actuando como punto de contacto de la autoridad de control para cuestiones relativas al tratamiento.<\/li>\n<\/ul>\n<p>Conforme al <a title=\"Reglamento General de Protecci\u00f3n de Datos de la Uni\u00f3n Europe\" href=\"https:\/\/www.boe.es\/buscar\/doc.php?id=DOUE-L-2016-80807\" target=\"_blank\" rel=\"noopener\">Reglamento General de Protecci\u00f3n de Datos de la Uni\u00f3n Europea<\/a> y a la <a title=\"Ley Org\u00e1nica 3\/2018\" href=\"https:\/\/www.boe.es\/buscar\/doc.php?id=BOE-A-2018-16673\" target=\"_blank\" rel=\"noopener\">Ley Org\u00e1nica 3\/2018, de 5 de diciembre, de Protecci\u00f3n de Datos Personales y garant\u00eda de los derechos digitales<\/a> todo ciudadano\/a que facilite datos de car\u00e1cter personal al Ayuntamiento de Casariche trav\u00e9s de cualquiera de sus canales de comunicaci\u00f3n (Registro electr\u00f3nico del Ayuntamiento, Oficina de asistencia en materia de registro, P\u00e1gina Web, Correo electr\u00f3nico, etc\u00e9tera) queda informado\/a de que el tratamiento de sus datos es realizado por el Ayuntamiento de Casariche, domiciliado en Plaza Jos\u00e9 Ram\u00f3n Parrado Cano, 1, Casariche (Sevilla), tel\u00e9fono 954019911.<\/p>\n<p>A trav\u00e9s de este sitio web no se recaban datos de car\u00e1cter personal de los usuarios sin legitimaci\u00f3n, ni se ceden a terceros, salvo mandato legal.<\/p>\n<p>El portal del que es titular el Ayuntamiento de Casariche contiene enlaces a sitios web de terceros cuyas pol\u00edticas de privacidad son ajenas a esta. Al acceder a tales sitios web usted puede decidir si acepta sus pol\u00edticas de privacidad y de cookies. Con car\u00e1cter general, si navega por internet usted puede aceptar o rechazar las cookies de terceros desde las opciones de configuraci\u00f3n de su navegador.<\/p>\n<\/div>\n<\/div>\n<h4 class=\"detail-t\">Registro de actividades de tratamiento<\/h4>\n<p><a href=\"http:\/\/www.casariche.es\/wp-content\/uploads\/2024\/10\/document.pdf\" target=\"_blank\" rel=\"noopener\">Consulta el registro de actividades de tratamiento completo haciendo clic aqu\u00ed<\/a><\/p>\n<div id=\"sec0Blc0\" class=\"panel-body tab-pane fade in active\" role=\"tabpanel\">\n<h4 class=\"detail-t\">Responsable del tratamiento<\/h4>\n<div class=\"detail-p\">\n<p>El Ayuntamiento de Casariche ser\u00e1 responsable de los datos de car\u00e1cter personal que se pudieran recabar en el ejercicio de sus competencias. Estos ser\u00e1n tratados de forma confidencial y quedar\u00e1n incorporados a la correspondiente actividad de tratamiento del Ayuntamiento de Casariche.<\/p>\n<p>La relaci\u00f3n actualizada de las actividades de tratamiento que el Ayuntamiento de Casariche lleva a cabo se encuentra disponible en su registro de actividades de tratamiento.<\/p>\n<\/div>\n<h4 class=\"detail-t\">Finalidad<\/h4>\n<div class=\"detail-p\">\n<p>Las finalidades del tratamiento de los datos se corresponden cada una de las actividades de tratamiento que realiza el Ayuntamiento de Casariche y est\u00e1n determinadas en sus correspondientes fichas del registro de actividades de tratamiento.<\/p>\n<\/div>\n<h4 class=\"detail-t\">Legitimaci\u00f3n<\/h4>\n<div class=\"detail-p\">\n<p>El tratamiento de sus datos se realiza para el cumplimiento de obligaciones legales por parte del Ayuntamiento de Casariche, para el cumplimiento de misiones realizada en inter\u00e9s p\u00fablico o en el ejercicio de poderes p\u00fablicos conferidos a la misma, as\u00ed como cuando la finalidad del tratamiento requiera su consentimiento, que habr\u00e1 de ser prestado mediante una clara acci\u00f3n afirmativa.<\/p>\n<p>Puede consultar la base legal para cada una de las actividades de tratamiento que lleva a cabo el Ayuntamiento en su registro de actividades de tratamiento.<\/p>\n<\/div>\n<h4 class=\"detail-t\">Conservaci\u00f3n de datos<\/h4>\n<div class=\"detail-p\">\n<p>Los datos personales proporcionados se conservar\u00e1n durante el tiempo necesario para cumplir con la finalidad para la que se recaban y para determinar las posibles responsabilidades que se pudieran derivar de la finalidad, adem\u00e1s de los per\u00edodos establecidos en la normativa de archivos y documentaci\u00f3n.<\/p>\n<\/div>\n<h4 class=\"detail-t\">Comunicaci\u00f3n de datos<\/h4>\n<div class=\"detail-p\">\n<p>Con car\u00e1cter general no se comunicar\u00e1n los datos personales a terceros, salvo obligaci\u00f3n legal, entre las que pueden estar las comunicaciones al Defensor del Pueblo, Jueces y Tribunales, interesados en los procedimientos relacionados con las reclamaciones presentadas.<\/p>\n<p>Puede consultar los destinatarios para cada una de las actividades de tratamiento que lleva a cabo el Ayuntamiento de Casariche en el registro de actividades de tratamiento.<\/p>\n<\/div>\n<h4 class=\"detail-t\">Derechos de los interesados<\/h4>\n<div class=\"detail-p\">\n<p>Cualquier persona puede ejercer sus derechos de acceso, rectificaci\u00f3n, supresi\u00f3n y portabilidad de sus datos, de limitaci\u00f3n y oposici\u00f3n a su tratamiento, as\u00ed como a no ser objeto de decisiones basadas \u00fanicamente en el tratamiento automatizado de sus datos, cuando procedan, cuando procedan, ante el Ayuntamiento de Casariche, Plaza Jos\u00e9 Ram\u00f3n Parrado Cano, 1. C\u00f3digo Postal 41580, Casariche (Sevilla) o en su <a href=\"http:\/\/sede.casariche.es\">sede electr\u00f3nica.<\/a><\/p>\n<\/div>\n<h4 class=\"detail-t\">Cookies<\/h4>\n<div class=\"detail-p\">\n<p>En este enlace puede usted acceder a la pol\u00edtica de cookies del Ayuntamiento de Pilas:<\/p>\n<\/div>\n<p class=\"detail-p\"><a class=\"link\" title=\"Pol\u00edtica de cookies del Ayuntamiento\" href=\"http:\/\/www.casariche.es\/?page_id=5085\">Pol\u00edtica de cookies del Ayuntamiento<\/a><\/p>\n<\/div>\n","protected":false},"excerpt":{"rendered":"<p>Delegado de Protecci\u00f3n de DatosCorreo de contacto: dpd@casariche.es (este correo solo funciona a efectos de consulta, el ejercicio de derechos en materia de protecci\u00f3n de<\/p>\n","protected":false},"author":1,"featured_media":0,"parent":0,"menu_order":0,"comment_status":"closed","ping_status":"closed","template":"","meta":{"footnotes":""},"class_list":["post-58855","page","type-page","status-publish","hentry"],"_links":{"self":[{"href":"http:\/\/www.casariche.es\/index.php?rest_route=\/wp\/v2\/pages\/58855","targetHints":{"allow":["GET"]}}],"collection":[{"href":"http:\/\/www.casariche.es\/index.php?rest_route=\/wp\/v2\/pages"}],"about":[{"href":"http:\/\/www.casariche.es\/index.php?rest_route=\/wp\/v2\/types\/page"}],"author":[{"embeddable":true,"href":"http:\/\/www.casariche.es\/index.php?rest_route=\/wp\/v2\/users\/1"}],"replies":[{"embeddable":true,"href":"http:\/\/www.casariche.es\/index.php?rest_route=%2Fwp%2Fv2%2Fcomments&post=58855"}],"version-history":[{"count":5,"href":"http:\/\/www.casariche.es\/index.php?rest_route=\/wp\/v2\/pages\/58855\/revisions"}],"predecessor-version":[{"id":67912,"href":"http:\/\/www.casariche.es\/index.php?rest_route=\/wp\/v2\/pages\/58855\/revisions\/67912"}],"wp:attachment":[{"href":"http:\/\/www.casariche.es\/index.php?rest_route=%2Fwp%2Fv2%2Fmedia&parent=58855"}],"curies":[{"name":"wp","href":"https:\/\/api.w.org\/{rel}","templated":true}]}}