{"id":572,"date":"2012-09-20T12:25:22","date_gmt":"2012-09-20T12:25:22","guid":{"rendered":"http:\/\/www.casariche.es\/?page_id=572"},"modified":"2022-02-15T12:27:49","modified_gmt":"2022-02-15T11:27:49","slug":"modelos-y-autoliquidaciones","status":"publish","type":"page","link":"http:\/\/www.casariche.es\/?page_id=572","title":{"rendered":"Modelos y Autoliquidaciones"},"content":{"rendered":"<p><strong>\u00a0Modelo de solicitud gen\u00e9rica.<\/strong><\/p>\n<p style=\"padding-left: 30px;\"><a href=\"http:\/\/www.casariche.es\/wp-content\/uploads\/2022\/02\/INSTANCIA_GENERAL_RELLENABLE.pdf\">Acceso al modelo &gt;&gt;<\/a><\/p>\n<p><strong>Modelo de Autiliquidaci\u00f3n de la ordenanza de limpieza de solares.<\/strong><\/p>\n<p style=\"padding-left: 30px;\"><a href=\"http:\/\/www.casariche.es\/wp-content\/uploads\/2019\/07\/AUTOLIQUIDACION_SOLARES_FACHADAS-1.pdf\" target=\"_blank\" rel=\"noopener\">Acceso al modelo &gt;&gt;<\/a><\/p>\n<p><strong>Modelo Prestaci\u00f3n Compensatoria por actuaciones en suelo no urbanizable.<\/strong><\/p>\n<p style=\"padding-left: 30px;\"><a href=\"http:\/\/www.casariche.es\/wp-content\/uploads\/2012\/09\/autoliquidacion_prestacion.pdf\" target=\"_blank\" rel=\"noopener\">Acceso al modelo &gt;&gt;<\/a><\/p>\n<p><strong>Modelo de Solicitud para la devoluci\u00f3n de la Fianza de Obras.<\/strong><\/p>\n<p style=\"padding-left: 30px;\"><a href=\"http:\/\/www.casariche.es\/wp-content\/uploads\/2021\/05\/DEVOLUCION_FIANZA_OBRAS.pdf\" target=\"_blank\" rel=\"noopener\">Acceso al modelo &gt;&gt;<\/a><\/p>\n","protected":false},"excerpt":{"rendered":"<p>\u00a0Modelo de solicitud gen\u00e9rica. Acceso al modelo &gt;&gt; Modelo de Autiliquidaci\u00f3n de la ordenanza de limpieza de solares. Acceso al modelo &gt;&gt; Modelo Prestaci\u00f3n Compensatoria<\/p>\n","protected":false},"author":1,"featured_media":0,"parent":5,"menu_order":0,"comment_status":"closed","ping_status":"closed","template":"","meta":{"footnotes":""},"class_list":["post-572","page","type-page","status-publish","hentry"],"_links":{"self":[{"href":"http:\/\/www.casariche.es\/index.php?rest_route=\/wp\/v2\/pages\/572","targetHints":{"allow":["GET"]}}],"collection":[{"href":"http:\/\/www.casariche.es\/index.php?rest_route=\/wp\/v2\/pages"}],"about":[{"href":"http:\/\/www.casariche.es\/index.php?rest_route=\/wp\/v2\/types\/page"}],"author":[{"embeddable":true,"href":"http:\/\/www.casariche.es\/index.php?rest_route=\/wp\/v2\/users\/1"}],"replies":[{"embeddable":true,"href":"http:\/\/www.casariche.es\/index.php?rest_route=%2Fwp%2Fv2%2Fcomments&post=572"}],"version-history":[{"count":19,"href":"http:\/\/www.casariche.es\/index.php?rest_route=\/wp\/v2\/pages\/572\/revisions"}],"predecessor-version":[{"id":43463,"href":"http:\/\/www.casariche.es\/index.php?rest_route=\/wp\/v2\/pages\/572\/revisions\/43463"}],"up":[{"embeddable":true,"href":"http:\/\/www.casariche.es\/index.php?rest_route=\/wp\/v2\/pages\/5"}],"wp:attachment":[{"href":"http:\/\/www.casariche.es\/index.php?rest_route=%2Fwp%2Fv2%2Fmedia&parent=572"}],"curies":[{"name":"wp","href":"https:\/\/api.w.org\/{rel}","templated":true}]}}