{"id":5085,"date":"2013-11-22T23:13:31","date_gmt":"2013-11-22T20:43:31","guid":{"rendered":"http:\/\/www.casariche.es\/?page_id=5085"},"modified":"2013-11-22T23:16:01","modified_gmt":"2013-11-22T20:46:01","slug":"politica-de-cookies","status":"publish","type":"page","link":"http:\/\/www.casariche.es\/?page_id=5085","title":{"rendered":"Pol\u00edtica de cookies"},"content":{"rendered":"<div>\n<p>En cumplimiento de la Ley 34\/2002 de Servicios de la Sociedad de la Informaci\u00f3n y Comercio Electr\u00f3nico LSSICE y sus modificaciones del Real Decreto-ley 13\/2012, de 30 de marzo, que afectan al uso de cookies y a los env\u00edos comerciales por correo electr\u00f3nico, y en cumplimiento de la Directiva Europea 2009\/136\/CE, le informamos que la web de <strong>www.casariche.es<\/strong> colocar\u00e1 cookies en su ordenador para ayudar a mejorar la navegaci\u00f3n en su web y obtener datos estad\u00edsticos.<\/p>\n<p>Esta web utiliza cookies para mejorar la experiencia de los usuarios, facilitando la navegaci\u00f3n por nuestra web. Estamos haciendo todo lo posible por facilitar el uso de dichas cookies, as\u00ed como su gesti\u00f3n y control al utilizar nuestros servicios.<\/p>\n<h4>\u00bfQu\u00e9 son las cookies?<\/h4>\n<p>Las cookies son peque\u00f1os archivos de texto que se almacenan en el dispositivo del usuario de Internet al visitar una p\u00e1gina web. Es el operador del sitio web el que determina qu\u00e9 tipo de informaci\u00f3n contiene dicha cookie y cu\u00e1l es su prop\u00f3sito, pudiendo adem\u00e1s ser utilizada por el servidor web cada vez que visite dicha web. Se utilizan las cookies para ahorrar tiempo y hacer la experiencia de navegaci\u00f3n web mucho m\u00e1s eficiente. No obstante, pueden ser usadas con varios prop\u00f3sitos diferentes que van desde recordar la informaci\u00f3n de inicio de sesi\u00f3n o lo que contiene su pedido de compra.<\/p>\n<p>Existen una gran cantidad de gu\u00edas en las que se explica lo que son las cookies, y para qu\u00e9 se utilizan. Por nuestra parte, les explicaremos c\u00f3mo afectan estas cookies a la p\u00e1gina web de este ayuntamiento, pero en el caso de que necesite m\u00e1s informaci\u00f3n al respecto, eche un vistazo a estas p\u00e1ginas:<\/p>\n<ul>\n<li><a title=\"Informacion sobre las cookies\" href=\"http:\/\/www.allaboutcookies.org\" target=\"_blank\">http:\/\/www.allaboutcookies.org<\/a><\/li>\n<li><a title=\"Informacion sobre las cookies\" href=\"http:\/\/www.youronlinechoices.eu\" target=\"_blank\">http:\/\/www.youronlinechoices.eu<\/a><\/li>\n<li><a title=\"Informacion sobre las cookies\" href=\"http:\/\/www.international-chamber.co.uk\/our-expertise\/digitaleconomy\" target=\"_blank\">http:\/\/www.international-chamber.co.uk\/our-expertise\/digitaleconomy<\/a><\/li>\n<\/ul>\n<h4>\u00bfC\u00f3mo utiliza <strong>www.casariche.es<\/strong> las cookies?<\/h4>\n<p><strong>www.casariche.es<\/strong> tan solo utilizar\u00e1 las cookies que Usted nos deje utilizar. Podr\u00e1 controlar sus cookies a trav\u00e9s de su navegador. Podr\u00e1 encontrar m\u00e1s informaci\u00f3n al respecto m\u00e1s adelante. Hemos utilizado algunas de las gu\u00edas existentes para clasificar las cookies que usamos en varios grupos:<\/p>\n<ol>\n<li>Cookies Funcionales<\/li>\n<li>Cookies de Marketing<\/li>\n<\/ol>\n<p>A continuaci\u00f3n encontrar\u00e1 m\u00e1s informaci\u00f3n sobre cada uno de estos tipos de cookies.<\/p>\n<h5>1. Cookies Funcionales<\/h5>\n<p>Nuestro prop\u00f3sito con estas cookies no es otro que mejorar la experiencia de los usuarios de <strong>www.casariche.es<\/strong>. Podr\u00e1 rechazar en cualquier momento el uso de dichas cookies. <strong>www.casariche.es<\/strong> utiliza estas cookies para recordar ciertos par\u00e1metros de configuraci\u00f3n o para proporcionar ciertos servicios o mensajes que pueden llegar a mejorar su experiencia en nuestro sitio.<\/p>\n<p>Dichas cookies permitir\u00e1n:<\/p>\n<ul>\n<li>Recordar sus datos de inicio de sesi\u00f3n como cliente al volver a la p\u00e1gina<\/li>\n<\/ul>\n<p>Estas cookies no recoger\u00e1n ninguna informaci\u00f3n sobre Usted que pueda ser usada con fines publicitarios, o informaci\u00f3n acerca de sus preferencias (tales como sus datos de usuario) m\u00e1s all\u00e1 de esa visita en particular.<\/p>\n<h5>2. Cookies de Marketing<\/h5>\n<p>Dichas cookies son gestionadas por terceros, con lo que podr\u00e1 utilizar las herramientas de \u00e9stos para restringir el uso de estas cookies. Algunas de las cookies se utilizan para enlazar a otras p\u00e1ginas web que proporcionan ciertos servicios a <strong>www.casariche.es<\/strong>, como puede ser el caso de Facebook, Twitter o Google. Algunas de estas cookies modificar\u00e1n los anuncios de otras webs para adaptarlos a sus preferencias.<\/p>\n<p>Estas cookies permitir\u00e1n:<\/p>\n<ul>\n<li>Enlazar con redes sociales<\/li>\n<li>Estad\u00edsticas de Google Analytics\n<ul>\n<li>utma: Esta cookie genera un ID de usuario \u00fanico, que es el que se utiliza para hacer recuento de cuantas veces visita el sitio un usuario. Tambi\u00e9n registra cuando fue la primera y la \u00faltima vez que visti\u00f3 la web. Esta cookie es de tipo persistente y se puede considerar que caducar\u00e1 \u201cnunca\u201d (tarda 2 a\u00f1os en caducar).<\/li>\n<li>utmb y utmc: Estas 2 cookies se usan para calcular cuando se ha terminado una sesi\u00f3n. La B registra la hora de llegada a la p\u00e1gina mientras que la C comprueba si se debe mantener la sesi\u00f3n abierta o se debe crear una sesi\u00f3n nueva. La utmb caduca a los 30 minutos desde el \u00faltimo registro de p\u00e1gina vista mientras que la utmc es una variable de sesi\u00f3n, por lo que se elimina autom\u00e1ticamente al cambiar de web o al cerrar el navegador. Cuando se carga la p\u00e1gina, si la utmc no existe, se considera que es una sesi\u00f3n nueva. Si aun existe, se mantiene la sesi\u00f3n abierta. S\u00f3lo se puede calcular el tiempo en p\u00e1gina hasta la pen\u00faltima p\u00e1gina vista, ya que para calcular el tiempo se hace la resta entre el valor de la B en la p\u00e1gina actual y el valor de la B en la p\u00e1gina anterior.<\/li>\n<li>utmz: La cuarta cookie es la que se encarga de registrar el origen del usuario, as\u00ed como las keywords. Tiene una caducidad de 6 meses, aunque se renueva cada vez que se visita la web siempre que no sea una visita directa. Adem\u00e1s de aceptar o rechazar el uso de ciertas cookies a trav\u00e9s de la p\u00e1gina web de <strong>www.casariche.es<\/strong>, tambi\u00e9n podr\u00e1 gestionarlas haciendo uso de la configuraci\u00f3n de su navegador.<\/li>\n<\/ul>\n<\/li>\n<\/ul>\n<p>Aqu\u00ed tiene una fuente de informaci\u00f3n sobre c\u00f3mo llevar a cabo dicho proceso: <a title=\"Como administrar cookies\" href=\"http:\/\/www.allaboutcookies.org\/manage-cookies\/\" target=\"_blank\">http:\/\/www.allaboutcookies.org\/manage-cookies\/<\/a><\/p>\n<p>Tan solo leeremos o escribiremos cookies acerca de sus preferencias. Aquellas que hayan sido instaladas antes de modificar la configuraci\u00f3n permanecer\u00e1n en su ordenador y podr\u00e1 borrarlas haciendo uso de las opciones de configuraci\u00f3n de su navegador.<\/p>\n<\/div>\n","protected":false},"excerpt":{"rendered":"<p>En cumplimiento de la Ley 34\/2002 de Servicios de la Sociedad de la Informaci\u00f3n y Comercio Electr\u00f3nico LSSICE y sus modificaciones del Real Decreto-ley 13\/2012,<\/p>\n","protected":false},"author":1,"featured_media":0,"parent":0,"menu_order":0,"comment_status":"closed","ping_status":"closed","template":"","meta":{"footnotes":""},"class_list":["post-5085","page","type-page","status-publish","hentry"],"_links":{"self":[{"href":"http:\/\/www.casariche.es\/index.php?rest_route=\/wp\/v2\/pages\/5085","targetHints":{"allow":["GET"]}}],"collection":[{"href":"http:\/\/www.casariche.es\/index.php?rest_route=\/wp\/v2\/pages"}],"about":[{"href":"http:\/\/www.casariche.es\/index.php?rest_route=\/wp\/v2\/types\/page"}],"author":[{"embeddable":true,"href":"http:\/\/www.casariche.es\/index.php?rest_route=\/wp\/v2\/users\/1"}],"replies":[{"embeddable":true,"href":"http:\/\/www.casariche.es\/index.php?rest_route=%2Fwp%2Fv2%2Fcomments&post=5085"}],"version-history":[{"count":2,"href":"http:\/\/www.casariche.es\/index.php?rest_route=\/wp\/v2\/pages\/5085\/revisions"}],"predecessor-version":[{"id":5086,"href":"http:\/\/www.casariche.es\/index.php?rest_route=\/wp\/v2\/pages\/5085\/revisions\/5086"}],"wp:attachment":[{"href":"http:\/\/www.casariche.es\/index.php?rest_route=%2Fwp%2Fv2%2Fmedia&parent=5085"}],"curies":[{"name":"wp","href":"https:\/\/api.w.org\/{rel}","templated":true}]}}