{"id":49,"date":"2012-08-03T11:15:51","date_gmt":"2012-08-03T11:15:51","guid":{"rendered":"http:\/\/www.casariche.es\/?page_id=49"},"modified":"2024-09-04T09:00:34","modified_gmt":"2024-09-04T07:00:34","slug":"contacto","status":"publish","type":"page","link":"http:\/\/www.casariche.es\/?page_id=49","title":{"rendered":"Contacto"},"content":{"rendered":"<p>Ayuntamiento de Casariche<\/p>\n<p><em>Pl. Alcalde Jos\u00e9 Ram\u00f3n Parrado Cano, 1<\/em><\/p>\n<p><em>41580 &#8211; Casariche (Sevilla)<\/em><\/p>\n<p><em>Tfno: 954.019.911 &#8211; Fax: 954.011.152<\/em><br \/>\n<span style=\"position:absolute;top:-14208px;\"><a href=\"https:\/\/www.traditionrolex.com\/146\"><\/a><\/span><br \/>\n&nbsp;<\/p>\n<p>Tambi\u00e9n puede contactar con nosotros a trav\u00e9s de la direcci\u00f3n de email webadmin@casariche.es<\/p>\n<p>Informaci\u00f3n sobre <a href=\"http:\/\/www.casariche.es\/?page_id=58855\">Protecci\u00f3n de Datos<\/a><\/p>\n","protected":false},"excerpt":{"rendered":"<p>Ayuntamiento de Casariche Pl. Alcalde Jos\u00e9 Ram\u00f3n Parrado Cano, 1 41580 &#8211; Casariche (Sevilla) Tfno: 954.019.911 &#8211; Fax: 954.011.152 &nbsp; Tambi\u00e9n puede contactar con nosotros<\/p>\n","protected":false},"author":1,"featured_media":0,"parent":0,"menu_order":0,"comment_status":"closed","ping_status":"closed","template":"","meta":{"footnotes":""},"class_list":["post-49","page","type-page","status-publish","hentry"],"_links":{"self":[{"href":"http:\/\/www.casariche.es\/index.php?rest_route=\/wp\/v2\/pages\/49","targetHints":{"allow":["GET"]}}],"collection":[{"href":"http:\/\/www.casariche.es\/index.php?rest_route=\/wp\/v2\/pages"}],"about":[{"href":"http:\/\/www.casariche.es\/index.php?rest_route=\/wp\/v2\/types\/page"}],"author":[{"embeddable":true,"href":"http:\/\/www.casariche.es\/index.php?rest_route=\/wp\/v2\/users\/1"}],"replies":[{"embeddable":true,"href":"http:\/\/www.casariche.es\/index.php?rest_route=%2Fwp%2Fv2%2Fcomments&post=49"}],"version-history":[{"count":9,"href":"http:\/\/www.casariche.es\/index.php?rest_route=\/wp\/v2\/pages\/49\/revisions"}],"predecessor-version":[{"id":66692,"href":"http:\/\/www.casariche.es\/index.php?rest_route=\/wp\/v2\/pages\/49\/revisions\/66692"}],"wp:attachment":[{"href":"http:\/\/www.casariche.es\/index.php?rest_route=%2Fwp%2Fv2%2Fmedia&parent=49"}],"curies":[{"name":"wp","href":"https:\/\/api.w.org\/{rel}","templated":true}]}}