{"id":454,"date":"2012-09-17T08:13:27","date_gmt":"2012-09-17T08:13:27","guid":{"rendered":"http:\/\/www.casariche.es\/?page_id=454"},"modified":"2012-09-17T09:37:57","modified_gmt":"2012-09-17T09:37:57","slug":"oningi","status":"publish","type":"page","link":"http:\/\/www.casariche.es\/?page_id=454","title":{"rendered":"Oningi"},"content":{"rendered":"<p>Oningi (Municipio Flavio Oningitano):<\/p>\n<p>Plinio menciona en el p\u00e1rrafo 12 del libro III de su Historia Natural, entre otras ciudades, a Ventipo, Munda, Marruca y Oningi.<\/p>\n<p>La identificaci\u00f3n de las ciudades que Plinio recoge en su obra se complica por la aparici\u00f3n de varias ciudades con mismo nombre (hom\u00f3nimas), as\u00ed como la falta de apoyo epigr\u00e1fico en las que apoyarse para elegir el lugar concreto para cada uno de los lugares citados.<\/p>\n<p>En el caso de Oningi, la \u00fanica prueba existente que alud\u00eda al locativo onincitanus, hasta finales de los a\u00f1os 60, era una l\u00e1pida cuya referencia recopil\u00f3 H\u00fcbner en el siglo XIX. De ella derivar\u00eda la citada Oningi de Plinio, ciudad estipendiaria perteneciente al Conventus Astigitanus.<\/p>\n<p>Por esas fechas apareci\u00f3 una segunda l\u00e1pida, en el <strong>Cortijo \u201cLas Angulas\u201d de Casariche<\/strong>, al norte de La Atalaya.<\/p>\n<p>Este ep\u00edgrafe fue estudiado y analizado por Jos\u00e9 Mar\u00eda Luz\u00f3n en 1968, en su obra titulada \u201cEL MUNICIPIO FLAVIO ONINGITANO Y LA G\u00c9NESIS DE UN EP\u00cdGRAFE\u201d.<\/p>\n<p align=\"center\">M.CAECILIVS.L.F.QVIR.SE<\/p>\n<p align=\"center\">VERVS.ANNOR.LV.PIVS.IN<\/p>\n<p align=\"center\">SVIS.H.S.E.S.T.T.L.HVIC.ORDO.M.F<\/p>\n<p align=\"center\">ONIGIT.AN.I.DEC.R.LAVDATIONEM.LO<\/p>\n<p align=\"center\">CVM.SEPULTURAE.FVNERIS.IMPEN<\/p>\n<p align=\"center\">SA EXEQUIAS.PVBLICA.STATUA<\/p>\n<p style=\"text-align: center;\"><a href=\"http:\/\/www.casariche.es\/wp-content\/uploads\/2012\/09\/lapida.jpg\"><img loading=\"lazy\" decoding=\"async\" class=\" wp-image-499\" title=\"lapida\" src=\"http:\/\/www.casariche.es\/wp-content\/uploads\/2012\/09\/lapida.jpg\" alt=\"\" width=\"479\" height=\"333\" srcset=\"http:\/\/www.casariche.es\/wp-content\/uploads\/2012\/09\/lapida.jpg 555w, http:\/\/www.casariche.es\/wp-content\/uploads\/2012\/09\/lapida-300x208.jpg 300w\" sizes=\"auto, (max-width: 479px) 100vw, 479px\" \/><\/a><\/p>\n<p>Se trata de un ciudadano romano de nombre Marcus Caecilius Severus, muerto a la edad de cincuenta y cinco a\u00f1os en el Municipio Flavio Oningitano. En la inscripci\u00f3n no se alude a ning\u00fan cargo de car\u00e1cter local que justifique los honores con que fue enterrado. Posiblemente se trate de un benefactor de la ciudad, a quien \u00e9sta, agradecida, regala su sepultura y le costea las exequias y la elevaci\u00f3n de una estatua.<\/p>\n<p>El locativo que menciona es el locativo Municipio Flavio Oningitano, es decir, Oningi, que debe situarse en los alrededores, y no lejos del lugar de la sepultura, puesto que fue el orden de los decuriones de dicha ciudad el que decretara el enterramiento. Ello hace pensar que la l\u00e1pida debi\u00f3 ser trasladada de un lugar pr\u00f3ximo, lugar donde se hallen los restos arqueol\u00f3gicos de Oningi.<\/p>\n<p>Diferentes opciones han sido planteadas, como la recogida por el arque\u00f3logo Luis Alberto L\u00f3pez Palomo, director de la excavaci\u00f3n de Fuente \u00c1lamo, que la ubica en la Villeta de las Mestas (Aguilar de la Frontera-C\u00f3rdoba-), sumergida en la actualidad por las aguas del pantano de Cordobilla.<\/p>\n<p>El lugar exacto del hallazgo carece de vestigios superficiales\u00a0 que denoten la presencia del solar de una urbe desaparecida (se ignoran los que pudieran haber en el subsuelo), pero el emplazamiento del mismo s\u00ed es \u00f3ptimo para una ciudad, ya que en sus proximidades se encuentran los restos, entre otros, de Ostipo, Ventipo, Olaura.<\/p>\n<p>Por lo tanto no ser\u00eda descabellado pensar que los restos del antiguo Municipio Flavio Oningitano, cuyo ep\u00edgrafe data de finales del siglo II o principios del III d.C., se encuentre en alg\u00fan punto de t\u00e9rmino municipal de Casariche.<\/p>\n<p style=\"text-align: right;\">Fuente: <a href=\"http:\/\/historiadecasariche.blogspot.com.es\/p\/28-municipio-flavio-oningitano.html\" target=\"_blank\">http:\/\/historiadecasariche.blogspot.com.es\/p\/28-municipio-flavio-oningitano.html<\/a><\/p>\n","protected":false},"excerpt":{"rendered":"<p>Oningi (Municipio Flavio Oningitano): Plinio menciona en el p\u00e1rrafo 12 del libro III de su Historia Natural, entre otras ciudades, a Ventipo, Munda, Marruca y<\/p>\n","protected":false},"author":1,"featured_media":0,"parent":456,"menu_order":0,"comment_status":"closed","ping_status":"open","template":"","meta":{"footnotes":""},"class_list":["post-454","page","type-page","status-publish","hentry"],"_links":{"self":[{"href":"http:\/\/www.casariche.es\/index.php?rest_route=\/wp\/v2\/pages\/454","targetHints":{"allow":["GET"]}}],"collection":[{"href":"http:\/\/www.casariche.es\/index.php?rest_route=\/wp\/v2\/pages"}],"about":[{"href":"http:\/\/www.casariche.es\/index.php?rest_route=\/wp\/v2\/types\/page"}],"author":[{"embeddable":true,"href":"http:\/\/www.casariche.es\/index.php?rest_route=\/wp\/v2\/users\/1"}],"replies":[{"embeddable":true,"href":"http:\/\/www.casariche.es\/index.php?rest_route=%2Fwp%2Fv2%2Fcomments&post=454"}],"version-history":[{"count":5,"href":"http:\/\/www.casariche.es\/index.php?rest_route=\/wp\/v2\/pages\/454\/revisions"}],"predecessor-version":[{"id":459,"href":"http:\/\/www.casariche.es\/index.php?rest_route=\/wp\/v2\/pages\/454\/revisions\/459"}],"up":[{"embeddable":true,"href":"http:\/\/www.casariche.es\/index.php?rest_route=\/wp\/v2\/pages\/456"}],"wp:attachment":[{"href":"http:\/\/www.casariche.es\/index.php?rest_route=%2Fwp%2Fv2%2Fmedia&parent=454"}],"curies":[{"name":"wp","href":"https:\/\/api.w.org\/{rel}","templated":true}]}}